{"id":3185,"date":"2016-07-28T19:26:57","date_gmt":"2016-07-28T22:26:57","guid":{"rendered":"https:\/\/pledu.com.ar\/sitio\/?page_id=3185"},"modified":"2024-01-24T17:20:30","modified_gmt":"2024-01-24T20:20:30","slug":"sobre-pledu","status":"publish","type":"page","link":"https:\/\/pledu.com.ar\/sitio\/sobre-pledu\/","title":{"rendered":"sobre Pledu"},"content":{"rendered":"<p>[vc_row content_width=\u00bbgrid\u00bb content_aligment=\u00bbcenter\u00bb css=\u00bb.vc_custom_1445428533264{padding-top: 52px !important;padding-bottom: 40px !important;}\u00bb][vc_column][vc_column_text]<\/p>\n<h2>Pledu contiene la sinergia socio-t\u00e9cnica del trabajo acad\u00e9mico, de campo y territorio<\/h2>\n<p>[\/vc_column_text][vc_empty_space height=\u00bb15px\u00bb][vc_column_text]<\/p>\n<h4>Con el apoyo\u00a0de las siguientes instuciones<\/h4>\n<p>[\/vc_column_text][\/vc_column][\/vc_row][vc_row content_width=\u00bbgrid\u00bb content_aligment=\u00bbcenter\u00bb][vc_column width=\u00bb1\/2&#8243;]<div class=\"qodef-elements-holder qodef-responsive-mode-768\" ><div class=\"qodef-elements-holder-item qodef-vertical-alignment-middle qodef-horizontal-alignment-left qodef-grow-in\" style=\"transition-delay:100ms;-webkit-transition-delay:100ms\">\r\n\t<div class=\"qodef-elements-holder-item-inner\">\r\n\t\t<div class=\"qodef-elements-holder-item-content qodef-elements-holder-custom-463002\" style=\"padding: 0 0 0 0\">\r\n\t\t\t\t\t\t[vc_single_image image=\u00bb3225&#8243; img_size=\u00bbfull\u00bb]\t\t<\/div>\r\n\t<\/div>\r\n<\/div><\/div>[vc_empty_space height=\u00bb40px\u00bb][vc_column_text]<\/p>\n<h5>Observatorio de Energ\u00eda y Sustentabilidad<\/h5>\n<p>[\/vc_column_text][vc_empty_space height=\u00bb19px\u00bb][vc_column_text]<\/p>\n<p style=\"text-align: justify;\">El Observatorio de Energ\u00eda y Sustentabilidad (OES), es un grupo de investigaci\u00f3n del departamento de ingenier\u00eda el\u00e9ctrica de la Universidad Tecnol\u00f3gica Nacional \u2013 Facultad Regional Rosario (UTN-FRRo).<\/p>\n<p style=\"text-align: justify;\">El OES posee una trayectoria de 10 a\u00f1os abordando la situaci\u00f3n energ\u00e9tica con\u00a0 excelencia acad\u00e9mica, equipos transdisciplinarios y comprometido con la realidad socio-t\u00e9cnica.<\/p>\n<p style=\"text-align: justify;\">M\u00e1s de 1.000 personas han compartido espacios de capacitaci\u00f3n con los profesionales del OES, de diversas \u00e1reas del conocimiento y de diversos sitios de am\u00e9rica latina, es por ello que ahora dispone de la presente plataforma virtual de capacitaci\u00f3n para extender sus ra\u00edces y socializar conocimiento retroalimentando el aprendizaje conjunto.<\/p>\n<p>[\/vc_column_text][vc_empty_space height=\u00bb25&#8243;]<a href=\"http:\/\/www.oesutnrosario.org\/\" target=\"_self\" style=\"color: #29abe2;border-color: #29abe2\" class=\"qodef-btn qodef-btn-medium qodef-btn-default qodef-btn-custom-hover-bg qodef-btn-custom-border-hover\" data-hover-bg-color=\"#29abe2\" data-hover-border-color=\"#29abe2\" >\n        <span class=\"qodef-btn-text\">visitar<\/span>\n    <span class=\"qodef-btn-text-icon\"><\/span>\n<\/a>[vc_empty_space height=\u00bb40px\u00bb][\/vc_column][vc_column width=\u00bb1\/2&#8243;]<div class=\"qodef-elements-holder qodef-responsive-mode-768\" ><div class=\"qodef-elements-holder-item qodef-vertical-alignment-middle qodef-horizontal-alignment-left qodef-grow-in\" style=\"transition-delay:500ms;-webkit-transition-delay:500ms\">\r\n\t<div class=\"qodef-elements-holder-item-inner\">\r\n\t\t<div class=\"qodef-elements-holder-item-content qodef-elements-holder-custom-616083\" style=\"padding: 0 0 0 0\">\r\n\t\t\t\t\t\t[vc_single_image image=\u00bb3227&#8243; img_size=\u00bbfull\u00bb]\t\t<\/div>\r\n\t<\/div>\r\n<\/div><\/div>[vc_empty_space height=\u00bb40px\u00bb][vc_column_text]<\/p>\n<h5>Coopesa<\/h5>\n<p>[\/vc_column_text][vc_empty_space height=\u00bb19px\u00bb][vc_column_text]<\/p>\n<p style=\"text-align: justify;\">COOPESA se destaca por su enfoque colaborativo y transdisciplinario en la ejecuci\u00f3n de proyectos. Contamos con un equipo altamente calificado con m\u00e1s de tres d\u00e9cadas de experiencia en el sector. Nuestra plantilla incluye ingenieros de diversas especialidades, arquitectos, economistas, polit\u00f3logos y t\u00e9cnicos instaladores, permiti\u00e9ndonos adaptarnos con agilidad a las demandas espec\u00edficas de cada iniciativa.<\/p>\n<p style=\"text-align: justify;\">Hemos desarrollado proyectos para todos los niveles estatales, nacional, provincial y municipal, como as\u00ed tambi\u00e9n, para peque\u00f1as y grandes empresas. Nos especializamos en el dise\u00f1o de planes multiescalares y transversales que generan apropiaci\u00f3n de pol\u00edticas p\u00fablicas y proyectos en el \u00e1mbito de la transici\u00f3n energ\u00e9tica. La versatilidad de nuestro enfoque nos permite adaptarnos a diferentes contextos, asegurando el \u00e9xito y la sostenibilidad de cada iniciativa que emprendemos.<\/p>\n<p>[\/vc_column_text][vc_empty_space height=\u00bb19px\u00bb]<a href=\"http:\/\/coopesa.ar\" target=\"_self\" style=\"color: #00a457;border-color: #00a457\" class=\"qodef-btn qodef-btn-medium qodef-btn-default qodef-btn-custom-hover-bg qodef-btn-custom-border-hover\" data-hover-bg-color=\"#00a457\" data-hover-border-color=\"#00a457\" >\n        <span class=\"qodef-btn-text\">visitar<\/span>\n    <span class=\"qodef-btn-text-icon\"><\/span>\n<\/a>[vc_empty_space height=\u00bb40px\u00bb][\/vc_column][\/vc_row][vc_row content_width=\u00bbgrid\u00bb css=\u00bb.vc_custom_1446801558556{padding-top: 63px !important;padding-bottom: 34px !important;background-image: url(http:\/\/startit.select-themes.com\/wp-content\/uploads\/2015\/10\/About-us-Background.jpg?id=2582) !important;background-position: center !important;background-repeat: no-repeat !important;background-size: cover !important;}\u00bb][vc_column offset=\u00bbvc_col-md-6&#8243;][vc_empty_space height=\u00bb35&#8243;][vc_column_text]<\/p>\n<h2>Trayectoria<\/h2>\n<p>[\/vc_column_text][vc_empty_space height=\u00bb50&#8243;][vc_column_text]La experiencia de los profesionales que componen PLEDU se encuentra enriquecida por la trayectoria de las diversas instituciones que nutren de contenido y conciencia a cada docente. A\u00f1os de trabajo acad\u00e9mico y trabajo en el territorio brindan una mirado sist\u00e9mica de los procesos energ\u00e9ticos .[\/vc_column_text][vc_empty_space height=\u00bb30&#8243;][\/vc_column][vc_column offset=\u00bbvc_col-md-6&#8243;][vc_empty_space height=\u00bb20&#8243;][vc_video link=\u00bbhttps:\/\/vimeo.com\/188455871&#8243;][vc_empty_space height=\u00bb40px\u00bb][\/vc_column][\/vc_row][vc_row content_width=\u00bbgrid\u00bb content_aligment=\u00bbcenter\u00bb][vc_column width=\u00bb1\/3&#8243;][vc_empty_space][vc_single_image image=\u00bb4737&#8243; img_size=\u00bb222&#215;222&#8243; alignment=\u00bbcenter\u00bb style=\u00bbvc_box_circle_2&#8243; onclick=\u00bbcustom_link\u00bb link=\u00bbhttps:\/\/pledu.com.ar\/sitio\/jorgechemes\/\u00bb][vc_empty_space height=\u00bb26px\u00bb][vc_column_text]<\/p>\n<h3>Pablo Bertinat<\/h3>\n<p>[\/vc_column_text][vc_empty_space height=\u00bb5px\u00bb][vc_column_text]<\/p>\n<h6 style=\"text-align: center;\"><span style=\"color: #ff9900;\">Magister, Ingeniero<\/span><\/h6>\n<p>[\/vc_column_text][vc_empty_space height=\u00bb5px\u00bb][vc_column_text]Especialista en pol\u00edticas energ\u00e9ticas y sistemas ambientales humanos.[\/vc_column_text][vc_empty_space height=\u00bb31px\u00bb]<a href=\"#\" target=\"_self\"  class=\"qodef-btn qodef-btn-small qodef-btn-outline\"  >\n        <span class=\"qodef-btn-text\">ver<\/span>\n    <span class=\"qodef-btn-text-icon\"><\/span>\n<\/a>[vc_empty_space height=\u00bb31px\u00bb][\/vc_column][vc_column width=\u00bb1\/3&#8243;][vc_empty_space][vc_single_image image=\u00bb5001&#8243; img_size=\u00bb222&#215;222&#8243; alignment=\u00bbcenter\u00bb style=\u00bbvc_box_circle_2&#8243; onclick=\u00bbcustom_link\u00bb link=\u00bbhttps:\/\/pledu.com.ar\/sitio\/jorgechemes\/\u00bb][vc_empty_space height=\u00bb26px\u00bb][vc_column_text]<\/p>\n<h3>Jorge Chemes<\/h3>\n<p>[\/vc_column_text][vc_empty_space height=\u00bb5px\u00bb][vc_column_text]<\/p>\n<h6 style=\"text-align: center;\"><span style=\"color: #ff9900;\">Ingeniero<\/span><\/h6>\n<p>[\/vc_column_text][vc_empty_space height=\u00bb5px\u00bb][vc_column_text]Especialista en\u00a0Energ\u00eda solar, Eficiencia energ\u00e9tica y soft de simulaci\u00f3n.[\/vc_column_text][vc_empty_space height=\u00bb31px\u00bb]<a href=\"https:\/\/pledu.com.ar\/sitio\/jorgechemes\/\" target=\"_self\"  class=\"qodef-btn qodef-btn-small qodef-btn-outline\"  >\n        <span class=\"qodef-btn-text\">ver<\/span>\n    <span class=\"qodef-btn-text-icon\"><\/span>\n<\/a>[vc_empty_space height=\u00bb31px\u00bb][\/vc_column][vc_column width=\u00bb1\/3&#8243;][vc_empty_space][vc_single_image image=\u00bb5003&#8243; img_size=\u00bb222&#215;222&#8243; alignment=\u00bbcenter\u00bb style=\u00bbvc_box_circle_2&#8243; onclick=\u00bbcustom_link\u00bb link=\u00bbhttps:\/\/pledu.com.ar\/sitio\/docente_ignacioarrana\/\u00bb][vc_empty_space height=\u00bb26px\u00bb][vc_column_text]<\/p>\n<h3>Ignacio Arra\u00f1a<\/h3>\n<p>[\/vc_column_text][vc_empty_space height=\u00bb5px\u00bb][vc_column_text]<\/p>\n<h6 style=\"text-align: center;\"><span style=\"color: #ff9900;\">Ingeniero<\/span><\/h6>\n<p>[\/vc_column_text][vc_empty_space height=\u00bb5px\u00bb][vc_column_text]Especialista en dimensionamiento de sistemas solares t\u00e9rmicos y fotovoltaicos[\/vc_column_text][vc_empty_space height=\u00bb31px\u00bb]<a href=\"https:\/\/pledu.com.ar\/sitio\/docente_ignacioarrana\/\" target=\"_self\"  class=\"qodef-btn qodef-btn-small qodef-btn-outline\"  >\n        <span class=\"qodef-btn-text\">ver<\/span>\n    <span class=\"qodef-btn-text-icon\"><\/span>\n<\/a>[vc_empty_space height=\u00bb31px\u00bb][\/vc_column][\/vc_row][vc_row content_width=\u00bbgrid\u00bb content_aligment=\u00bbcenter\u00bb][vc_column width=\u00bb1\/3&#8243;][vc_empty_space][vc_single_image image=\u00bb5005&#8243; img_size=\u00bb222&#215;222&#8243; alignment=\u00bbcenter\u00bb style=\u00bbvc_box_circle_2&#8243; onclick=\u00bbcustom_link\u00bb link=\u00bbhttps:\/\/pledu.com.ar\/sitio\/jorgechemes\/\u00bb][vc_empty_space height=\u00bb26px\u00bb][vc_column_text]<\/p>\n<h3>Nicol\u00e1s Di Ruscio<\/h3>\n<p>[\/vc_column_text][vc_empty_space height=\u00bb5px\u00bb][vc_column_text]<\/p>\n<h6 style=\"text-align: center;\"><span style=\"color: #ff9900;\">Ingeniero<\/span><\/h6>\n<p>[\/vc_column_text][vc_empty_space height=\u00bb5px\u00bb][vc_column_text]Especialista en\u00a0instalaci\u00f3n de energ\u00eda solar y dise\u00f1o de sistemas biom\u00e1sicos[\/vc_column_text][vc_empty_space height=\u00bb31px\u00bb]<a href=\"https:\/\/pledu.com.ar\/sitio\/nicolasdiruscio\/\" target=\"_self\"  class=\"qodef-btn qodef-btn-small qodef-btn-outline\"  >\n        <span class=\"qodef-btn-text\">ver<\/span>\n    <span class=\"qodef-btn-text-icon\"><\/span>\n<\/a>[vc_empty_space height=\u00bb31px\u00bb][\/vc_column][vc_column width=\u00bb1\/3&#8243;][vc_empty_space][vc_single_image image=\u00bb6180&#8243; img_size=\u00bb222&#215;222&#8243; alignment=\u00bbcenter\u00bb style=\u00bbvc_box_circle_2&#8243; onclick=\u00bbcustom_link\u00bb link=\u00bbhttps:\/\/pledu.com.ar\/sitio\/martin-orecchia\/\u00bb][vc_empty_space height=\u00bb26px\u00bb][vc_column_text]<\/p>\n<h3>Natalia Berti<\/h3>\n<p>[\/vc_column_text][vc_empty_space height=\u00bb5px\u00bb][vc_column_text]<\/p>\n<h6 style=\"text-align: center;\"><span style=\"color: #ff9900;\">Administrativa<\/span><\/h6>\n<p>[\/vc_column_text][vc_empty_space height=\u00bb5px\u00bb][vc_column_text]Especialista en administraci\u00f3n de proyectos.[\/vc_column_text][vc_empty_space height=\u00bb31px\u00bb]<a href=\"https:\/\/pledu.com.ar\/sitio\/natalia-berti\" target=\"_self\"  class=\"qodef-btn qodef-btn-small qodef-btn-outline\"  >\n        <span class=\"qodef-btn-text\">ver<\/span>\n    <span class=\"qodef-btn-text-icon\"><\/span>\n<\/a>[vc_empty_space height=\u00bb31px\u00bb][\/vc_column][vc_column width=\u00bb1\/3&#8243;][vc_empty_space][vc_single_image image=\u00bb4769&#8243; img_size=\u00bb222&#215;222&#8243; alignment=\u00bbcenter\u00bb style=\u00bbvc_box_circle_2&#8243; onclick=\u00bbcustom_link\u00bb link=\u00bbhttps:\/\/pledu.com.ar\/sitio\/martin-orecchia\/\u00bb][vc_empty_space height=\u00bb26px\u00bb][vc_column_text]<\/p>\n<h3>Mart\u00edn Orecchia<\/h3>\n<p>[\/vc_column_text][vc_empty_space height=\u00bb5px\u00bb][vc_column_text]<\/p>\n<h6 style=\"text-align: center;\"><span style=\"color: #ff9900;\">Tecnico<\/span><\/h6>\n<p>[\/vc_column_text][vc_empty_space height=\u00bb5px\u00bb][vc_column_text]Especialista en\u00a0instalaciones solares t\u00e9rmicas de baja y alta complejidad[\/vc_column_text][vc_empty_space height=\u00bb31px\u00bb]<a href=\"https:\/\/pledu.com.ar\/sitio\/martin-orecchia\/\" target=\"_self\"  class=\"qodef-btn qodef-btn-small qodef-btn-outline\"  >\n        <span class=\"qodef-btn-text\">ver<\/span>\n    <span class=\"qodef-btn-text-icon\"><\/span>\n<\/a>[vc_empty_space height=\u00bb31px\u00bb][\/vc_column][\/vc_row][vc_row content_width=\u00bbgrid\u00bb content_aligment=\u00bbcenter\u00bb css=\u00bb.vc_custom_1445498658608{padding-top: 65px !important;padding-bottom: 78px !important;background-color: #f3f3f3 !important;}\u00bb][vc_column][vc_column_text]<\/p>\n<h2>Tambi\u00e9n nos apoyan<\/h2>\n<p>[\/vc_column_text][vc_empty_space height=\u00bb15px\u00bb][vc_column_text]<\/p>\n<h4>Entidades p\u00fablicas y privadas<\/h4>\n<p>[\/vc_column_text][\/vc_column][\/vc_row][vc_row][vc_column]<div class=\"qodef-carousel-holder with_navigation clearfix\"><div class=\"qodef-carousel\" data-items=\"6\" data-navigation=\"yes\"><div class=\"qodef-carousel-item-holder\">\r\n\t\t\t\t\t\t<span class=\"qodef-carousel-first-image-holder  qodef-image-zoom\">\r\n\t\t\t\t<img decoding=\"async\" src=\"https:\/\/pledu.com.ar\/sitio\/wp-content\/uploads\/2016\/08\/tecsolar_logo.png\" alt=\"Home 2 C1\">\r\n\t\t\t<\/span>\r\n\t\t\t\t\t<\/div><div class=\"qodef-carousel-item-holder\">\r\n\t\t\t\t\t\t<span class=\"qodef-carousel-first-image-holder  qodef-image-zoom\">\r\n\t\t\t\t<img decoding=\"async\" src=\"https:\/\/pledu.com.ar\/sitio\/wp-content\/uploads\/2016\/08\/enervida.png\" alt=\"Home 2 C3\">\r\n\t\t\t<\/span>\r\n\t\t\t\t\t<\/div><div class=\"qodef-carousel-item-holder\">\r\n\t\t\t\t\t\t<span class=\"qodef-carousel-first-image-holder  qodef-image-zoom\">\r\n\t\t\t\t<img decoding=\"async\" src=\"https:\/\/pledu.com.ar\/sitio\/wp-content\/uploads\/2016\/08\/Ciudades-Solares_chico.png\" alt=\"Home 2 C4\">\r\n\t\t\t<\/span>\r\n\t\t\t\t\t<\/div><div class=\"qodef-carousel-item-holder\">\r\n\t\t\t\t\t\t<span class=\"qodef-carousel-first-image-holder  qodef-image-zoom\">\r\n\t\t\t\t<img decoding=\"async\" src=\"https:\/\/pledu.com.ar\/sitio\/wp-content\/uploads\/2016\/08\/inti_chico.png\" alt=\"Home 2 C5\">\r\n\t\t\t<\/span>\r\n\t\t\t\t\t<\/div><div class=\"qodef-carousel-item-holder\">\r\n\t\t\t\t\t\t<span class=\"qodef-carousel-first-image-holder  qodef-image-zoom\">\r\n\t\t\t\t<img decoding=\"async\" src=\"https:\/\/pledu.com.ar\/sitio\/wp-content\/uploads\/2016\/08\/santafe_chico.png\" alt=\"Home 2 C6\">\r\n\t\t\t<\/span>\r\n\t\t\t\t\t<\/div><div class=\"qodef-carousel-item-holder\">\r\n\t\t\t\t\t\t<span class=\"qodef-carousel-first-image-holder  qodef-image-zoom\">\r\n\t\t\t\t<img decoding=\"async\" src=\"https:\/\/pledu.com.ar\/sitio\/wp-content\/uploads\/2016\/09\/logo_henrich-boll.jpg\" alt=\"Home 2 C7\">\r\n\t\t\t<\/span>\r\n\t\t\t\t\t<\/div><\/div><\/div>[\/vc_column][\/vc_row]<\/p>\n","protected":false},"excerpt":{"rendered":"<p>[vc_row content_width=\u00bbgrid\u00bb content_aligment=\u00bbcenter\u00bb css=\u00bb.vc_custom_1445428533264{padding-top: 52px !important;padding-bottom: 40px !important;}\u00bb][vc_column][vc_column_text] Pledu contiene la sinergia socio-t\u00e9cnica del trabajo acad\u00e9mico, de campo y territorio [\/vc_column_text][vc_empty_space height=\u00bb15px\u00bb][vc_column_text] Con el apoyo\u00a0de las siguientes instuciones [\/vc_column_text][\/vc_column][\/vc_row][vc_row content_width=\u00bbgrid\u00bb content_aligment=\u00bbcenter\u00bb][vc_column width=\u00bb1\/2&#8243;][vc_empty_space height=\u00bb40px\u00bb][vc_column_text] Observatorio de Energ\u00eda y Sustentabilidad [\/vc_column_text][vc_empty_space height=\u00bb19px\u00bb][vc_column_text] El Observatorio de Energ\u00eda y&#8230;<\/p>\n","protected":false},"author":3,"featured_media":0,"parent":0,"menu_order":0,"comment_status":"closed","ping_status":"closed","template":"full-width.php","meta":{"footnotes":""},"class_list":["post-3185","page","type-page","status-publish","hentry"],"aioseo_notices":[],"_links":{"self":[{"href":"https:\/\/pledu.com.ar\/sitio\/wp-json\/wp\/v2\/pages\/3185","targetHints":{"allow":["GET"]}}],"collection":[{"href":"https:\/\/pledu.com.ar\/sitio\/wp-json\/wp\/v2\/pages"}],"about":[{"href":"https:\/\/pledu.com.ar\/sitio\/wp-json\/wp\/v2\/types\/page"}],"author":[{"embeddable":true,"href":"https:\/\/pledu.com.ar\/sitio\/wp-json\/wp\/v2\/users\/3"}],"replies":[{"embeddable":true,"href":"https:\/\/pledu.com.ar\/sitio\/wp-json\/wp\/v2\/comments?post=3185"}],"version-history":[{"count":50,"href":"https:\/\/pledu.com.ar\/sitio\/wp-json\/wp\/v2\/pages\/3185\/revisions"}],"predecessor-version":[{"id":6765,"href":"https:\/\/pledu.com.ar\/sitio\/wp-json\/wp\/v2\/pages\/3185\/revisions\/6765"}],"wp:attachment":[{"href":"https:\/\/pledu.com.ar\/sitio\/wp-json\/wp\/v2\/media?parent=3185"}],"curies":[{"name":"wp","href":"https:\/\/api.w.org\/{rel}","templated":true}]}}