{"id":4235,"date":"2016-08-18T18:45:42","date_gmt":"2016-08-18T21:45:42","guid":{"rendered":"https:\/\/pledu.com.ar\/sitio\/?page_id=4235"},"modified":"2016-10-14T12:25:01","modified_gmt":"2016-10-14T15:25:01","slug":"temario-detallado-dfv","status":"publish","type":"page","link":"https:\/\/pledu.com.ar\/sitio\/temario-detallado-dfv\/","title":{"rendered":"Temario Detallado DFV"},"content":{"rendered":"<p>[vc_row content_width=\u00bbgrid\u00bb content_aligment=\u00bbcenter\u00bb css=\u00bb.vc_custom_1446195467277{padding-top: 65px !important;padding-bottom: 15px !important;}\u00bb][vc_column offset=\u00bbvc_col-lg-offset-2 vc_col-lg-8&#8243;][vc_column_text]<\/p>\n<h2>Dise\u00f1o y dimensionamiento de Sistemas Fotovoltaicos<\/h2>\n<h3><\/h3>\n<p>[\/vc_column_text][vc_empty_space][vc_column_text]<\/p>\n<h3 style=\"text-align: center;\">Temario detallado<\/h3>\n<p>[\/vc_column_text][vc_empty_space height=\u00bb16&#8243;]<div class=\"qodef-separator-holder clearfix  qodef-separator-center qodef-separator-full-width\">\r\n\t<div class=\"qodef-separator\" style=\"border-width: 5px\"><\/div>\r\n<\/div>\r\n[\/vc_column][\/vc_row][vc_row content_width=\u00bbgrid\u00bb css=\u00bb.vc_custom_1471557864909{padding-top: 65px !important;padding-bottom: 15px !important;}\u00bb][vc_column offset=\u00bbvc_col-lg-offset-2 vc_col-lg-8&#8243;][vc_column_text]<\/p>\n<p style=\"text-align: left;\"><span style=\"color: #000000;\"><strong>Unidad 0: Descripci\u00f3n del Curso. An\u00e1lisis de contexto sociot\u00e9cnico.<\/strong><\/span><\/p>\n<p style=\"text-align: left;\"><em>Metodolog\u00eda de dictado del curso, sus alcances y competencias. Energ\u00eda y Sociedad, matriz energ\u00e9tica nacional, cambio clim\u00e1tico, escases de recursos, impactos locales, mercado mundial y local de las energ\u00edas renovables. F\u00edsica: Potencia y energ\u00eda, conceptos y unidades. Matem\u00e1tica: recordando ideas de trigonometr\u00eda.<\/em><\/p>\n<p>[\/vc_column_text][vc_empty_space][vc_column_text]<\/p>\n<p style=\"text-align: left;\"><span style=\"color: #000000;\"><strong>Unidad 1: Energ\u00eda Solar, Contexto F\u00edsico.<\/strong><\/span><\/p>\n<p style=\"text-align: left;\">Radiaci\u00f3n solar, caracter\u00edsticas f\u00edsicas del sol, la energ\u00eda radiante y atm\u00f3sfera. Energ\u00eda que llega a la superficie terrestre. Radiaci\u00f3n directa, difusa, reflejada y global. Mediciones de radiaci\u00f3n. Variabilidad del recurso a lo largo del a\u00f1o. Formas de captaci\u00f3n (orientaci\u00f3n e inclinaci\u00f3n) y \u00e1ngulos m\u00e1s comunes (acimut, altura solar, etc.). Potencial solar de las distintas regiones de Argentina. C\u00e1lculo matem\u00e1tico de radiaci\u00f3n solar. \u00c1bacos de asoleamiento, m\u00e9todo de c\u00e1lculo de proyecci\u00f3n de sombras. Ejercicios de aplicaci\u00f3n.<\/p>\n<p>[\/vc_column_text][vc_empty_space][vc_column_text]<\/p>\n<p style=\"text-align: left;\"><span style=\"color: #000000;\"><strong>Unidad 2: Electricidad y Seguridad El\u00e9ctrica.<\/strong><\/span><\/p>\n<p style=\"text-align: left;\"><em>Conceptos fundamentales, ley de Ohm, leyes de Kirchhoff, potencia el\u00e9ctrica, energ\u00eda el\u00e9ctrica, el efecto Joule. Corriente continua y Corriente alterna. Transformaci\u00f3n de corriente. Niveles de tensi\u00f3n. Sistema Argentino de Interconexi\u00f3n, SADI. Impacto de la electricidad en el cuerpo humano, protecciones el\u00e9ctricas, 5 reglas de oro de la seguridad el\u00e9ctrica. Elementos de seguridad.<\/em><\/p>\n<p>[\/vc_column_text][vc_empty_space][vc_column_text]<\/p>\n<p style=\"text-align: left;\"><span style=\"color: #000000;\"><strong>Unidad 3: Conversi\u00f3n el\u00e9ctrica de la energ\u00eda solar.<\/strong><\/span><\/p>\n<p style=\"text-align: left;\"><em>Electricidad fotovoltaica. Historia. El efecto fotoel\u00e9ctrico. La c\u00e9lula fotovoltaica. Tipos de c\u00e9lulas. Caracter\u00edsticas de m\u00f3dulos fotovoltaicos. <\/em><\/p>\n<p>[\/vc_column_text][vc_empty_space][vc_column_text]<\/p>\n<p style=\"text-align: left;\"><span style=\"color: #000000;\"><strong>Unidad 4: Sistemas Fotovoltaicos.<\/strong><\/span><\/p>\n<p style=\"text-align: left;\"><em>Usos de los sistemas fotovoltaicos. Partes constitutivas de un sistema fotovoltaico. Conexi\u00f3n de las partes. Conexiones serie-paralelo. Sistemas on-grid y off-grid. Estructura de soporte y anclaje.<\/em><\/p>\n<p>[\/vc_column_text][vc_empty_space][vc_column_text]<\/p>\n<p style=\"text-align: left;\"><span style=\"color: #000000;\"><strong>Unidad 5: Acumulaci\u00f3n El\u00e9ctrica.<\/strong><\/span><\/p>\n<p style=\"text-align: left;\"><em>Tipos de acumuladores. Caracter\u00edsticas principales para el dise\u00f1o de sistemas fotovoltaicos. Comportamiento de la bater\u00eda de acumuladores en una instalaci\u00f3n fotovoltaica. Ciclos de carga-descarga de la bater\u00eda de acumuladores. Condiciones ambientales del banco de acumuladores.<\/em><\/p>\n<p>[\/vc_column_text][vc_empty_space][vc_column_text]<\/p>\n<p style=\"text-align: left;\"><span style=\"color: #000000;\"><strong>Unidad 6: Reguladores de Carga.<\/strong><\/span><\/p>\n<p style=\"text-align: left;\"><em>Funci\u00f3n. Distintos tipos de reguladores de carga. Par\u00e1metros de operaci\u00f3n.<\/em><\/p>\n<p>[\/vc_column_text][vc_empty_space][vc_column_text]<\/p>\n<p style=\"text-align: left;\"><span style=\"color: #000000;\"><strong>Unidad 7: Inversos de tensi\u00f3n.<\/strong><\/span><\/p>\n<p style=\"text-align: left;\"><em>Tecnolog\u00edas de inversores de tensi\u00f3n. Formas de onda. Influencia en la carga y en la red comercial. Funcionamiento del inversor. Par\u00e1metros del inversor.<\/em><\/p>\n<p>[\/vc_column_text][vc_empty_space][vc_column_text]<\/p>\n<p style=\"text-align: left;\"><span style=\"color: #000000;\"><strong>Unidad 8: Conductores y protecciones el\u00e9ctricas.<\/strong><\/span><\/p>\n<p style=\"text-align: left;\"><em>Resistencia de un conductor. Par\u00e1metros importantes. Ca\u00edda de tensi\u00f3n. Protecciones el\u00e9ctricas en sistemas fotovoltaicos, interruptor autom\u00e1tico (IA) termomagn\u00e9tico, IA diferencial, fusibles, puesta a tierra.<\/em><\/p>\n<p>[\/vc_column_text][vc_empty_space][vc_column_text]<span style=\"color: #000000;\"><strong>Unidad 9: Protocolo de interconexi\u00f3n a red de EPE.<\/strong><\/span><\/p>\n<p style=\"text-align: left;\"><em>Desarrollo del contexto sociot\u00e9cnico del protocolo de interconexi\u00f3n de EPE. Sus beneficios y desaf\u00edos. An\u00e1lisis t\u00e9cnico y comercial del protocolo de interconexi\u00f3n. Tipos de conexi\u00f3n, baja tensi\u00f3n, media tensi\u00f3n. <\/em><\/p>\n<p>[\/vc_column_text][vc_empty_space][vc_column_text]<span style=\"color: #000000;\"><strong>Unidad 10: Software de aplicaci\u00f3n.<\/strong><\/span><\/p>\n<p style=\"text-align: left;\"><em>Uso de software para c\u00e1lculo de sistemas fotovoltaicos. Sus propiedades. Metodolog\u00eda de uso para sistemas on grid y off grid.<\/em><\/p>\n<p>[\/vc_column_text][vc_empty_space][vc_column_text]<span style=\"color: #000000;\"><strong>Unidad 11: Dimensionamiento de sistemas fotovoltaicos de baja tensi\u00f3n.<\/strong><\/span><\/p>\n<p style=\"text-align: left;\"><em>Dimensionamiento de sistemas on-grid y off-grid. Criterios de partida. Estudio de las necesidades a cubrir. C\u00e1lculo de la capacidad y determinaci\u00f3n del acumulador. C\u00e1lculo de la potencia de m\u00f3dulos. Reguladores. Dimensionado del inversor. Secci\u00f3n del conductor.\u00a0 Otros elementos.<\/em><\/p>\n<p>[\/vc_column_text][vc_empty_space][vc_column_text]<span style=\"color: #000000;\"><strong>Unidad 12: Mantenimiento de sistemas fotovoltaicos.<\/strong><\/span><\/p>\n<p><em>Mantenimiento predictivo y preventivo. <\/em>[\/vc_column_text][vc_empty_space][\/vc_column][\/vc_row][vc_row content_width=\u00bbgrid\u00bb content_aligment=\u00bbcenter\u00bb][vc_column width=\u00bb1\/3&#8243;]<a href=\"https:\/\/pledu.com.ar\/sitio\/instalador-fotovoltaico\/\" target=\"_self\" style=\"color: #ff9933;border-color: #ff9933\" class=\"qodef-btn qodef-btn-large qodef-btn-default qodef-btn-icon\"  >\n        <span class=\"qodef-btn-text\">volver<\/span>\n    <span class=\"qodef-btn-text-icon\"><i class=\"qodef-icon-simple-line-icon icon-arrow-right-circle \" ><\/i><\/span>\n<\/a>[\/vc_column][vc_column width=\u00bb1\/3&#8243;]<a href=\"https:\/\/pledu.com.ar\/sitio\/consultas\/\" target=\"_self\" style=\"color: #ff9933;border-color: #ff9933\" class=\"qodef-btn qodef-btn-large qodef-btn-default qodef-btn-icon\"  >\n        <span class=\"qodef-btn-text\">consulta<\/span>\n    <span class=\"qodef-btn-text-icon\"><i class=\"qodef-icon-simple-line-icon icon-question \" ><\/i><\/span>\n<\/a>[\/vc_column][vc_column width=\u00bb1\/3&#8243;]<a href=\"#\" target=\"_self\" style=\"color: #ff9933;border-color: #ff9933\" class=\"qodef-btn qodef-btn-large qodef-btn-default qodef-btn-icon\"  >\n        <span class=\"qodef-btn-text\">inscribirse<\/span>\n    <span class=\"qodef-btn-text-icon\"><i class=\"qodef-icon-simple-line-icon icon-pencil \" ><\/i><\/span>\n<\/a>[\/vc_column][\/vc_row][vc_row][vc_column][vc_empty_space][\/vc_column][\/vc_row]<\/p>\n","protected":false},"excerpt":{"rendered":"<p>[vc_row content_width=\u00bbgrid\u00bb content_aligment=\u00bbcenter\u00bb css=\u00bb.vc_custom_1446195467277{padding-top: 65px !important;padding-bottom: 15px !important;}\u00bb][vc_column offset=\u00bbvc_col-lg-offset-2 vc_col-lg-8&#8243;][vc_column_text] Dise\u00f1o y dimensionamiento de Sistemas Fotovoltaicos [\/vc_column_text][vc_empty_space][vc_column_text] Temario detallado [\/vc_column_text][vc_empty_space height=\u00bb16&#8243;][\/vc_column][\/vc_row][vc_row content_width=\u00bbgrid\u00bb css=\u00bb.vc_custom_1471557864909{padding-top: 65px !important;padding-bottom: 15px !important;}\u00bb][vc_column offset=\u00bbvc_col-lg-offset-2 vc_col-lg-8&#8243;][vc_column_text] Unidad 0: Descripci\u00f3n del Curso. An\u00e1lisis de contexto sociot\u00e9cnico. Metodolog\u00eda de dictado del curso, sus alcances&#8230;<\/p>\n","protected":false},"author":3,"featured_media":0,"parent":0,"menu_order":0,"comment_status":"closed","ping_status":"closed","template":"full-width.php","meta":{"footnotes":""},"class_list":["post-4235","page","type-page","status-publish","hentry"],"aioseo_notices":[],"_links":{"self":[{"href":"https:\/\/pledu.com.ar\/sitio\/wp-json\/wp\/v2\/pages\/4235","targetHints":{"allow":["GET"]}}],"collection":[{"href":"https:\/\/pledu.com.ar\/sitio\/wp-json\/wp\/v2\/pages"}],"about":[{"href":"https:\/\/pledu.com.ar\/sitio\/wp-json\/wp\/v2\/types\/page"}],"author":[{"embeddable":true,"href":"https:\/\/pledu.com.ar\/sitio\/wp-json\/wp\/v2\/users\/3"}],"replies":[{"embeddable":true,"href":"https:\/\/pledu.com.ar\/sitio\/wp-json\/wp\/v2\/comments?post=4235"}],"version-history":[{"count":9,"href":"https:\/\/pledu.com.ar\/sitio\/wp-json\/wp\/v2\/pages\/4235\/revisions"}],"predecessor-version":[{"id":4931,"href":"https:\/\/pledu.com.ar\/sitio\/wp-json\/wp\/v2\/pages\/4235\/revisions\/4931"}],"wp:attachment":[{"href":"https:\/\/pledu.com.ar\/sitio\/wp-json\/wp\/v2\/media?parent=4235"}],"curies":[{"name":"wp","href":"https:\/\/api.w.org\/{rel}","templated":true}]}}