{"id":4365,"date":"2016-08-30T11:10:18","date_gmt":"2016-08-30T14:10:18","guid":{"rendered":"https:\/\/pledu.com.ar\/sitio\/?page_id=4365"},"modified":"2016-10-14T11:19:39","modified_gmt":"2016-10-14T14:19:39","slug":"nicolasdiruscio","status":"publish","type":"page","link":"https:\/\/pledu.com.ar\/sitio\/nicolasdiruscio\/","title":{"rendered":"Nicolas Di Ruscio"},"content":{"rendered":"<p>[vc_row content_width=\u00bbgrid\u00bb content_aligment=\u00bbcenter\u00bb css=\u00bb.vc_custom_1470450631557{padding-top: 40px !important;padding-bottom: 5px !important;}\u00bb][vc_column offset=\u00bbvc_col-lg-5 vc_col-md-12&#8243;][vc_empty_space height=\u00bb4px\u00bb][vc_single_image image=\u00bb3883&#8243; img_size=\u00bbfull\u00bb][vc_empty_space height=\u00bb40px\u00bb][\/vc_column][vc_column offset=\u00bbvc_col-lg-7 vc_col-md-12&#8243;][vc_empty_space height=\u00bb50&#8243;][vc_column_text]<\/p>\n<h2>Nicolas Di Ruscio<\/h2>\n<p>[\/vc_column_text][vc_empty_space height=\u00bb25px\u00bb][vc_column_text]<\/p>\n<h4 style=\"text-align: justify;\">Ingeniero Electricista. Docente de la c\u00e1tedra M\u00e1quinas El\u00e9ctricas 2 (UTN \u2013 FRRO). Integrante del Observatorio de Energ\u00eda y Sustentabilidad (OES &#8211; UTN \u2013 FRRO). Especializado en Energ\u00eda Solar T\u00e9rmica con una trayectoria en dise\u00f1o, construcci\u00f3n e instalaci\u00f3n de dispositivos solares t\u00e9rmicos. Ha dictado cursos y participado de numerosos eventos sobre tecnolog\u00eda solar tanto en el \u00e1mbito educativo b\u00e1sico como universitario. Gran aficionado del Software Libre y de las tecnolog\u00edas apropiadas.<\/h4>\n<p>[\/vc_column_text][vc_empty_space height=\u00bb40&#8243;]<a href=\"https:\/\/ar.linkedin.com\/in\/nicolas-di-ruscio-802a964a\" target=\"_self\" style=\"color: #1e73be;border-color: #1e73be\" class=\"qodef-btn qodef-btn-medium qodef-btn-outline qodef-btn-icon\"  >\n        <span class=\"qodef-btn-text\">ver curriculum<\/span>\n    <span class=\"qodef-btn-text-icon\"><i class=\"qodef-icon-simple-line-icon icon-social-linkedin \" ><\/i><\/span>\n<\/a>[\/vc_column][\/vc_row][vc_row css=\u00bb.vc_custom_1446112126198{padding-top: 41px !important;padding-bottom: 28px !important;background-image: url(http:\/\/startit.select-themes.com\/wp-content\/uploads\/2015\/10\/About-me-Background-2.jpg?id=342) !important;background-position: center !important;background-repeat: no-repeat !important;background-size: cover !important;}\u00bb][vc_column]\r\n\r\n\t<div class=\"qodef-call-to-action normal\">\r\n\r\n\t\t\t\t<div class=\"qodef-container-inner\">\r\n\t\t\t\t\t<div class=\"qodef-call-to-action-row-75-25 clearfix\" style=\"padding: 20px;\">\r\n\t\t\r\n\t\t\t\t<div class=\"qodef-text-wrapper qodef-call-to-action-column1 qodef-call-to-action-cell\">\r\n\r\n\t\t\t\t\r\n\t\t\t\t\t<div class=\"qodef-call-to-action-text\" >\r\n\t\t\t\t\t\t<\/p>\n<h4><span style=\"color: #212121;\">Comunicate con el docente por cualquier duda particular que tengas sobre temas espec\u00edficos.<\/span><\/h4>\n<p>\t\t\t\t\t<\/div>\r\n\r\n\t\t\t\t<\/div>\r\n\r\n\t\t\t\t\r\n\t\t\t\t\t<div class=\"qodef-button-wrapper qodef-call-to-action-column2 qodef-call-to-action-cell\" style =\"text-align: right ;\">\r\n\r\n\t\t\t\t\t\t<a href=\"#\" target=\"_self\"  class=\"qodef-btn qodef-btn-medium qodef-btn-solid qodef-btn-icon\"  >        <span class=\"qodef-btn-text\">Contactar<\/span>    <span class=\"qodef-btn-text-icon\"><i class=\"qodef-icon-simple-line-icon icon-envelope \" ><\/i><\/span><\/a>\r\n\t\t\t\t\t<\/div>\r\n\r\n\t\t\t\t\r\n\t\t\t<\/div>\r\n\r\n\t\t\t\t<\/div>\r\n\t\t\r\n\t<\/div>\r\n\r\n[\/vc_column][\/vc_row]<\/p>\n","protected":false},"excerpt":{"rendered":"<p>[vc_row content_width=\u00bbgrid\u00bb content_aligment=\u00bbcenter\u00bb css=\u00bb.vc_custom_1470450631557{padding-top: 40px !important;padding-bottom: 5px !important;}\u00bb][vc_column offset=\u00bbvc_col-lg-5 vc_col-md-12&#8243;][vc_empty_space height=\u00bb4px\u00bb][vc_single_image image=\u00bb3883&#8243; img_size=\u00bbfull\u00bb][vc_empty_space height=\u00bb40px\u00bb][\/vc_column][vc_column offset=\u00bbvc_col-lg-7 vc_col-md-12&#8243;][vc_empty_space height=\u00bb50&#8243;][vc_column_text] Nicolas Di Ruscio [\/vc_column_text][vc_empty_space height=\u00bb25px\u00bb][vc_column_text] Ingeniero Electricista. Docente de la c\u00e1tedra M\u00e1quinas El\u00e9ctricas 2 (UTN \u2013 FRRO). Integrante del Observatorio de Energ\u00eda y Sustentabilidad (OES &#8211; UTN \u2013&#8230;<\/p>\n","protected":false},"author":3,"featured_media":0,"parent":0,"menu_order":0,"comment_status":"closed","ping_status":"closed","template":"full-width.php","meta":{"footnotes":""},"class_list":["post-4365","page","type-page","status-publish","hentry"],"aioseo_notices":[],"_links":{"self":[{"href":"https:\/\/pledu.com.ar\/sitio\/wp-json\/wp\/v2\/pages\/4365","targetHints":{"allow":["GET"]}}],"collection":[{"href":"https:\/\/pledu.com.ar\/sitio\/wp-json\/wp\/v2\/pages"}],"about":[{"href":"https:\/\/pledu.com.ar\/sitio\/wp-json\/wp\/v2\/types\/page"}],"author":[{"embeddable":true,"href":"https:\/\/pledu.com.ar\/sitio\/wp-json\/wp\/v2\/users\/3"}],"replies":[{"embeddable":true,"href":"https:\/\/pledu.com.ar\/sitio\/wp-json\/wp\/v2\/comments?post=4365"}],"version-history":[{"count":5,"href":"https:\/\/pledu.com.ar\/sitio\/wp-json\/wp\/v2\/pages\/4365\/revisions"}],"predecessor-version":[{"id":4899,"href":"https:\/\/pledu.com.ar\/sitio\/wp-json\/wp\/v2\/pages\/4365\/revisions\/4899"}],"wp:attachment":[{"href":"https:\/\/pledu.com.ar\/sitio\/wp-json\/wp\/v2\/media?parent=4365"}],"curies":[{"name":"wp","href":"https:\/\/api.w.org\/{rel}","templated":true}]}}