{"id":4789,"date":"2016-10-04T16:22:02","date_gmt":"2016-10-04T19:22:02","guid":{"rendered":"https:\/\/pledu.com.ar\/sitio\/?page_id=4789"},"modified":"2018-08-13T12:36:21","modified_gmt":"2018-08-13T15:36:21","slug":"cursos-a-medida","status":"publish","type":"page","link":"https:\/\/pledu.com.ar\/sitio\/cursos-a-medida\/","title":{"rendered":"Cursos a medida"},"content":{"rendered":"<p>[vc_row content_width=\u00bbgrid\u00bb content_aligment=\u00bbcenter\u00bb css=\u00bb.vc_custom_1474754548704{padding-top: 72px !important;padding-bottom: 98px !important;}\u00bb][vc_column][vc_column_text]<\/p>\n<h2>Cursos, talleres y capacitaciones a medida para tu empresa o instituci\u00f3n<\/h2>\n<p>[\/vc_column_text][vc_empty_space height=\u00bb30&#8243;][vc_column_text]<\/p>\n<h4>\u00c9stos cursos pueden ser con modalidad presencial o a distancia. Est\u00e1n destinados a empresas que precisen capacitar a sus empleados, como por ejemplo \u00a0en la l\u00ednea de responsabilidad social empresarial, como tambi\u00e9n a diversos grupos espec\u00edficos que funcionen bajo la l\u00f3gica de organizaciones sin fines de lucro. Este tipo de capacitaci\u00f3n tiene como objetivo \u00a0problematizar y\/o concientizar sobre temas espec\u00edficos promoviendo el trabajo colaborativo y el fortalecimiento de lazos institucionales\/grupales. El tiempo de las capacitaciones podr\u00e1 variar dependiendo de la demanda solicitada. La modalidad de los dispositivos pedag\u00f3gicos var\u00eda desde el \u201cTaller\u201d hasta la clase \u201cExpositiva\u201d reforzadas con recursos did\u00e1cticos, tanto anal\u00f3gicos como digitales.<\/h4>\n<p>[\/vc_column_text][vc_empty_space height=\u00bb50&#8243;]<a href=\"https:\/\/pledu.com.ar\/sitio\/consultas\/\" target=\"_self\" style=\"background-color: #dd9933\" class=\"qodef-btn qodef-btn-medium qodef-btn-solid\"  >\n        <span class=\"qodef-btn-text\">consultanos<\/span>\n    <span class=\"qodef-btn-text-icon\"><\/span>\n<\/a>[vc_empty_space height=\u00bb50&#8243;][vc_column_text]<\/p>\n<h2>Ya confiaron en nuestra trayectoria&#8230;<\/h2>\n<p>[\/vc_column_text][vc_empty_space height=\u00bb30&#8243;][vc_column_text]<\/p>\n<h4>Con \u00e9sta metodolog\u00eda hemos capacitado diversos actores<\/h4>\n<p>[\/vc_column_text][vc_empty_space height=\u00bb30&#8243;]<div class=\"qodef-carousel-holder with_navigation clearfix\"><div class=\"qodef-carousel\" data-items=\"6\" data-navigation=\"yes\"><div class=\"qodef-carousel-item-holder\">\r\n\t\t\t\t\t\t<span class=\"qodef-carousel-first-image-holder  qodef-image-change\">\r\n\t\t\t\t<img decoding=\"async\" src=\"https:\/\/pledu.com.ar\/sitio\/wp-content\/uploads\/2017\/10\/utn.png\" alt=\"utnfrro\">\r\n\t\t\t<\/span>\r\n\t\t\t\t\t<\/div><div class=\"qodef-carousel-item-holder\">\r\n\t\t\t\t\t\t<span class=\"qodef-carousel-first-image-holder  qodef-image-change\">\r\n\t\t\t\t<img decoding=\"async\" src=\"https:\/\/pledu.com.ar\/sitio\/wp-content\/uploads\/2017\/10\/unraf.png\" alt=\"unraf\">\r\n\t\t\t<\/span>\r\n\t\t\t\t\t<\/div><div class=\"qodef-carousel-item-holder\">\r\n\t\t\t\t\t\t<span class=\"qodef-carousel-first-image-holder  qodef-image-change\">\r\n\t\t\t\t<img decoding=\"async\" src=\"https:\/\/pledu.com.ar\/sitio\/wp-content\/uploads\/2017\/10\/saludsindano.png\" alt=\"saludsindano\">\r\n\t\t\t<\/span>\r\n\t\t\t\t\t<\/div><div class=\"qodef-carousel-item-holder\">\r\n\t\t\t\t\t\t<span class=\"qodef-carousel-first-image-holder  qodef-image-change\">\r\n\t\t\t\t<img decoding=\"async\" src=\"https:\/\/pledu.com.ar\/sitio\/wp-content\/uploads\/2017\/10\/muni-ros.png\" alt=\"muniros\">\r\n\t\t\t<\/span>\r\n\t\t\t\t\t<\/div><div class=\"qodef-carousel-item-holder\">\r\n\t\t\t\t\t\t<span class=\"qodef-carousel-first-image-holder  qodef-image-change\">\r\n\t\t\t\t<img decoding=\"async\" src=\"https:\/\/pledu.com.ar\/sitio\/wp-content\/uploads\/2017\/10\/inti.png\" alt=\"INTIregcentro\">\r\n\t\t\t<\/span>\r\n\t\t\t\t\t<\/div><div class=\"qodef-carousel-item-holder\">\r\n\t\t\t\t\t\t<span class=\"qodef-carousel-first-image-holder  qodef-image-change\">\r\n\t\t\t\t<img decoding=\"async\" src=\"https:\/\/pledu.com.ar\/sitio\/wp-content\/uploads\/2017\/10\/ilollay.png\" alt=\"ilolay\">\r\n\t\t\t<\/span>\r\n\t\t\t\t\t<\/div><div class=\"qodef-carousel-item-holder\">\r\n\t\t\t\t\t\t<span class=\"qodef-carousel-first-image-holder  qodef-image-change\">\r\n\t\t\t\t<img decoding=\"async\" src=\"https:\/\/pledu.com.ar\/sitio\/wp-content\/uploads\/2017\/10\/gvc.png\" alt=\"gvc\">\r\n\t\t\t<\/span>\r\n\t\t\t\t\t<\/div><div class=\"qodef-carousel-item-holder\">\r\n\t\t\t\t\t\t<span class=\"qodef-carousel-first-image-holder  qodef-image-change\">\r\n\t\t\t\t<img decoding=\"async\" src=\"https:\/\/pledu.com.ar\/sitio\/wp-content\/uploads\/2017\/10\/gobstafe.png\" alt=\"gobstafe\">\r\n\t\t\t<\/span>\r\n\t\t\t\t\t<\/div><div class=\"qodef-carousel-item-holder\">\r\n\t\t\t\t\t\t<span class=\"qodef-carousel-first-image-holder  qodef-image-change\">\r\n\t\t\t\t<img decoding=\"async\" src=\"https:\/\/pledu.com.ar\/sitio\/wp-content\/uploads\/2017\/10\/gaia.png\" alt=\"gaia\">\r\n\t\t\t<\/span>\r\n\t\t\t\t\t<\/div><div class=\"qodef-carousel-item-holder\">\r\n\t\t\t\t\t\t<span class=\"qodef-carousel-first-image-holder  qodef-image-change\">\r\n\t\t\t\t<img decoding=\"async\" src=\"https:\/\/pledu.com.ar\/sitio\/wp-content\/uploads\/2017\/10\/electroluz.png\" alt=\"electroluz\">\r\n\t\t\t<\/span>\r\n\t\t\t\t\t<\/div><div class=\"qodef-carousel-item-holder\">\r\n\t\t\t\t\t\t<span class=\"qodef-carousel-first-image-holder  qodef-image-change\">\r\n\t\t\t\t<img decoding=\"async\" src=\"https:\/\/pledu.com.ar\/sitio\/wp-content\/uploads\/2017\/10\/cadiec.png\" alt=\"cadiec\">\r\n\t\t\t<\/span>\r\n\t\t\t\t\t<\/div><div class=\"qodef-carousel-item-holder\">\r\n\t\t\t\t\t\t<span class=\"qodef-carousel-first-image-holder  qodef-image-change\">\r\n\t\t\t\t<img decoding=\"async\" src=\"https:\/\/pledu.com.ar\/sitio\/wp-content\/uploads\/2017\/10\/Arq.png\" alt=\"arq\">\r\n\t\t\t<\/span>\r\n\t\t\t\t\t<\/div><div class=\"qodef-carousel-item-holder\">\r\n\t\t\t\t\t\t<span class=\"qodef-carousel-first-image-holder  qodef-image-change\">\r\n\t\t\t\t<img decoding=\"async\" src=\"https:\/\/pledu.com.ar\/sitio\/wp-content\/uploads\/2017\/10\/soleventus.png\" alt=\"soleventus\">\r\n\t\t\t<\/span>\r\n\t\t\t\t\t<\/div><div class=\"qodef-carousel-item-holder\">\r\n\t\t\t\t\t\t<span class=\"qodef-carousel-first-image-holder  qodef-image-change\">\r\n\t\t\t\t<img decoding=\"async\" src=\"https:\/\/pledu.com.ar\/sitio\/wp-content\/uploads\/2017\/10\/febecos.png\" alt=\"febecos\">\r\n\t\t\t<\/span>\r\n\t\t\t\t\t<\/div><div class=\"qodef-carousel-item-holder\">\r\n\t\t\t\t\t\t<span class=\"qodef-carousel-first-image-holder  qodef-image-change\">\r\n\t\t\t\t<img decoding=\"async\" src=\"https:\/\/pledu.com.ar\/sitio\/wp-content\/uploads\/2017\/10\/fixon.png\" alt=\"\">\r\n\t\t\t<\/span>\r\n\t\t\t\t\t<\/div><div class=\"qodef-carousel-item-holder\">\r\n\t\t\t\t\t\t<span class=\"qodef-carousel-first-image-holder  qodef-image-change\">\r\n\t\t\t\t<img decoding=\"async\" src=\"https:\/\/pledu.com.ar\/sitio\/wp-content\/uploads\/2017\/12\/ucel.png\" alt=\"ucel\">\r\n\t\t\t<\/span>\r\n\t\t\t\t\t<\/div><div class=\"qodef-carousel-item-holder\">\r\n\t\t\t\t\t\t<span class=\"qodef-carousel-first-image-holder  qodef-image-change\">\r\n\t\t\t\t<img decoding=\"async\" src=\"https:\/\/pledu.com.ar\/sitio\/wp-content\/uploads\/2018\/08\/ypf.png\" alt=\"ypf\">\r\n\t\t\t<\/span>\r\n\t\t\t\t\t<\/div><div class=\"qodef-carousel-item-holder\">\r\n\t\t\t\t\t\t<span class=\"qodef-carousel-first-image-holder  qodef-image-change\">\r\n\t\t\t\t<img decoding=\"async\" src=\"https:\/\/pledu.com.ar\/sitio\/wp-content\/uploads\/2018\/08\/solarmate.png\" alt=\"solarmate\">\r\n\t\t\t<\/span>\r\n\t\t\t\t\t<\/div><\/div><\/div>[\/vc_column][\/vc_row][vc_row][vc_column][vc_empty_space height=\u00bb40px\u00bb][\/vc_column][\/vc_row][vc_row][vc_column]<div class=\"qodef-image-gallery\">\r\n\t<div class=\"qodef-image-gallery-grid qodef-gallery-columns-5 qodef-no-space\" >\r\n\t\t\t\t\t<div class=\"qodef-gallery-image\">\r\n\t\t\t\t\t\t\t\t<a href=\"https:\/\/pledu.com.ar\/sitio\/wp-content\/uploads\/2016\/10\/mutual5.jpg\" data-rel=\"prettyPhoto[single_pretty_photo]\" title=\"mutual5\">\r\n\t\t\t\t\t\t\t\t\t\t<img loading=\"lazy\" decoding=\"async\" src=\"https:\/\/pledu.com.ar\/sitio\/wp-content\/uploads\/2016\/10\/mutual5.jpg\" alt=\"mutual5\" width=\"1624\" height=\"1083\">\r\n\t\t\t\t\t\t\t\t\t<\/a>\r\n\t\t\t\t\t\t<\/div>\r\n\t\t\t\t\t<div class=\"qodef-gallery-image\">\r\n\t\t\t\t\t\t\t\t<a href=\"https:\/\/pledu.com.ar\/sitio\/wp-content\/uploads\/2016\/10\/1.jpeg\" data-rel=\"prettyPhoto[single_pretty_photo]\" title=\"1\">\r\n\t\t\t\t\t\t\t\t\t\t<img loading=\"lazy\" decoding=\"async\" src=\"https:\/\/pledu.com.ar\/sitio\/wp-content\/uploads\/2016\/10\/1.jpeg\" alt=\"1\" width=\"1280\" height=\"720\">\r\n\t\t\t\t\t\t\t\t\t<\/a>\r\n\t\t\t\t\t\t<\/div>\r\n\t\t\t\t\t<div class=\"qodef-gallery-image\">\r\n\t\t\t\t\t\t\t\t<a href=\"https:\/\/pledu.com.ar\/sitio\/wp-content\/uploads\/2016\/10\/mutual7.jpg\" data-rel=\"prettyPhoto[single_pretty_photo]\" title=\"mutual7\">\r\n\t\t\t\t\t\t\t\t\t\t<img loading=\"lazy\" decoding=\"async\" src=\"https:\/\/pledu.com.ar\/sitio\/wp-content\/uploads\/2016\/10\/mutual7.jpg\" alt=\"mutual7\" width=\"1624\" height=\"1083\">\r\n\t\t\t\t\t\t\t\t\t<\/a>\r\n\t\t\t\t\t\t<\/div>\r\n\t\t\t\t\t<div class=\"qodef-gallery-image\">\r\n\t\t\t\t\t\t\t\t<a href=\"https:\/\/pledu.com.ar\/sitio\/wp-content\/uploads\/2016\/10\/mutual6.jpg\" data-rel=\"prettyPhoto[single_pretty_photo]\" title=\"mutual6\">\r\n\t\t\t\t\t\t\t\t\t\t<img loading=\"lazy\" decoding=\"async\" src=\"https:\/\/pledu.com.ar\/sitio\/wp-content\/uploads\/2016\/10\/mutual6.jpg\" alt=\"mutual6\" width=\"1624\" height=\"1083\">\r\n\t\t\t\t\t\t\t\t\t<\/a>\r\n\t\t\t\t\t\t<\/div>\r\n\t\t\t\t\t<div class=\"qodef-gallery-image\">\r\n\t\t\t\t\t\t\t\t<a href=\"https:\/\/pledu.com.ar\/sitio\/wp-content\/uploads\/2016\/10\/16..jpg\" data-rel=\"prettyPhoto[single_pretty_photo]\" title=\"16\">\r\n\t\t\t\t\t\t\t\t\t\t<img loading=\"lazy\" decoding=\"async\" src=\"https:\/\/pledu.com.ar\/sitio\/wp-content\/uploads\/2016\/10\/16..jpg\" alt=\"16\" width=\"2592\" height=\"1944\">\r\n\t\t\t\t\t\t\t\t\t<\/a>\r\n\t\t\t\t\t\t<\/div>\r\n\t\t\t\t\t<div class=\"qodef-gallery-image\">\r\n\t\t\t\t\t\t\t\t<a href=\"https:\/\/pledu.com.ar\/sitio\/wp-content\/uploads\/2016\/10\/mutual.jpg\" data-rel=\"prettyPhoto[single_pretty_photo]\" title=\"mutual\">\r\n\t\t\t\t\t\t\t\t\t\t<img loading=\"lazy\" decoding=\"async\" src=\"https:\/\/pledu.com.ar\/sitio\/wp-content\/uploads\/2016\/10\/mutual.jpg\" alt=\"mutual\" width=\"1624\" height=\"1083\">\r\n\t\t\t\t\t\t\t\t\t<\/a>\r\n\t\t\t\t\t\t<\/div>\r\n\t\t\t\t\t<div class=\"qodef-gallery-image\">\r\n\t\t\t\t\t\t\t\t<a href=\"https:\/\/pledu.com.ar\/sitio\/wp-content\/uploads\/2016\/10\/IMG-20150701-WA0000.jpg\" data-rel=\"prettyPhoto[single_pretty_photo]\" title=\"img-20150701-wa0000\">\r\n\t\t\t\t\t\t\t\t\t\t<img loading=\"lazy\" decoding=\"async\" src=\"https:\/\/pledu.com.ar\/sitio\/wp-content\/uploads\/2016\/10\/IMG-20150701-WA0000.jpg\" alt=\"img-20150701-wa0000\" width=\"1280\" height=\"720\">\r\n\t\t\t\t\t\t\t\t\t<\/a>\r\n\t\t\t\t\t\t<\/div>\r\n\t\t\t\t\t<div class=\"qodef-gallery-image\">\r\n\t\t\t\t\t\t\t\t<a href=\"https:\/\/pledu.com.ar\/sitio\/wp-content\/uploads\/2016\/10\/5.jpg\" data-rel=\"prettyPhoto[single_pretty_photo]\" title=\"5\">\r\n\t\t\t\t\t\t\t\t\t\t<img loading=\"lazy\" decoding=\"async\" src=\"https:\/\/pledu.com.ar\/sitio\/wp-content\/uploads\/2016\/10\/5.jpg\" alt=\"5\" width=\"720\" height=\"480\">\r\n\t\t\t\t\t\t\t\t\t<\/a>\r\n\t\t\t\t\t\t<\/div>\r\n\t\t\t\t\t<div class=\"qodef-gallery-image\">\r\n\t\t\t\t\t\t\t\t<a href=\"https:\/\/pledu.com.ar\/sitio\/wp-content\/uploads\/2016\/10\/curso-FV-utn.jpg\" data-rel=\"prettyPhoto[single_pretty_photo]\" title=\"curso-fv-utn\">\r\n\t\t\t\t\t\t\t\t\t\t<img loading=\"lazy\" decoding=\"async\" src=\"https:\/\/pledu.com.ar\/sitio\/wp-content\/uploads\/2016\/10\/curso-FV-utn.jpg\" alt=\"curso-fv-utn\" width=\"2592\" height=\"1944\">\r\n\t\t\t\t\t\t\t\t\t<\/a>\r\n\t\t\t\t\t\t<\/div>\r\n\t\t\t\t\t<div class=\"qodef-gallery-image\">\r\n\t\t\t\t\t\t\t\t<a href=\"https:\/\/pledu.com.ar\/sitio\/wp-content\/uploads\/2016\/10\/1-2.jpg\" data-rel=\"prettyPhoto[single_pretty_photo]\" title=\"1\">\r\n\t\t\t\t\t\t\t\t\t\t<img loading=\"lazy\" decoding=\"async\" src=\"https:\/\/pledu.com.ar\/sitio\/wp-content\/uploads\/2016\/10\/1-2.jpg\" alt=\"1\" width=\"799\" height=\"600\">\r\n\t\t\t\t\t\t\t\t\t<\/a>\r\n\t\t\t\t\t\t<\/div>\r\n\t\t\t<\/div>\r\n<\/div>[\/vc_column][\/vc_row]<\/p>\n","protected":false},"excerpt":{"rendered":"<p>[vc_row content_width=\u00bbgrid\u00bb content_aligment=\u00bbcenter\u00bb css=\u00bb.vc_custom_1474754548704{padding-top: 72px !important;padding-bottom: 98px !important;}\u00bb][vc_column][vc_column_text] Cursos, talleres y capacitaciones a medida para tu empresa o instituci\u00f3n [\/vc_column_text][vc_empty_space height=\u00bb30&#8243;][vc_column_text] \u00c9stos cursos pueden ser con modalidad presencial o a distancia. Est\u00e1n destinados a empresas que precisen capacitar a sus empleados, como por ejemplo \u00a0en&#8230;<\/p>\n","protected":false},"author":3,"featured_media":0,"parent":0,"menu_order":0,"comment_status":"closed","ping_status":"closed","template":"full-width.php","meta":{"footnotes":""},"class_list":["post-4789","page","type-page","status-publish","hentry"],"aioseo_notices":[],"_links":{"self":[{"href":"https:\/\/pledu.com.ar\/sitio\/wp-json\/wp\/v2\/pages\/4789","targetHints":{"allow":["GET"]}}],"collection":[{"href":"https:\/\/pledu.com.ar\/sitio\/wp-json\/wp\/v2\/pages"}],"about":[{"href":"https:\/\/pledu.com.ar\/sitio\/wp-json\/wp\/v2\/types\/page"}],"author":[{"embeddable":true,"href":"https:\/\/pledu.com.ar\/sitio\/wp-json\/wp\/v2\/users\/3"}],"replies":[{"embeddable":true,"href":"https:\/\/pledu.com.ar\/sitio\/wp-json\/wp\/v2\/comments?post=4789"}],"version-history":[{"count":12,"href":"https:\/\/pledu.com.ar\/sitio\/wp-json\/wp\/v2\/pages\/4789\/revisions"}],"predecessor-version":[{"id":5989,"href":"https:\/\/pledu.com.ar\/sitio\/wp-json\/wp\/v2\/pages\/4789\/revisions\/5989"}],"wp:attachment":[{"href":"https:\/\/pledu.com.ar\/sitio\/wp-json\/wp\/v2\/media?parent=4789"}],"curies":[{"name":"wp","href":"https:\/\/api.w.org\/{rel}","templated":true}]}}