{"id":4945,"date":"2016-10-14T15:05:00","date_gmt":"2016-10-14T18:05:00","guid":{"rendered":"https:\/\/pledu.com.ar\/sitio\/?page_id=4945"},"modified":"2016-10-14T15:26:48","modified_gmt":"2016-10-14T18:26:48","slug":"dist-st-dis","status":"publish","type":"page","link":"https:\/\/pledu.com.ar\/sitio\/dist-st-dis\/","title":{"rendered":"Energ\u00eda Solar T\u00e9rmica Dise\u00f1o"},"content":{"rendered":"<p>[vc_row content_width=\u00bbgrid\u00bb][vc_column][vc_empty_space][vc_column_text]<\/p>\n<h2 style=\"text-align: center;\">Dise\u00f1o y dimensionamiento\u00a0de Sistemas Solares\u00a0T\u00e9rmicos<\/h2>\n<h4 style=\"text-align: center;\">baja y gran demanda de agua<\/h4>\n<p>[\/vc_column_text][vc_empty_space]<div class=\"qodef-elements-holder qodef-two-columns qodef-responsive-mode-768\" ><div class=\"qodef-elements-holder-item qodef-vertical-alignment-middle qodef-horizontal-alignment-left\" >\r\n\t<div class=\"qodef-elements-holder-item-inner\">\r\n\t\t<div class=\"qodef-elements-holder-item-content qodef-elements-holder-custom-504152\" >\r\n\t\t\t\t\t\t[vc_column_text]El curso est\u00e1 orientado a la capacitaci\u00f3n de alumnos para el correcto dimensionamiento y dise\u00f1o de sistemas solares t\u00e9rmicos que abastezcan peque\u00f1as y grandes demandas de agua caliente sanitaria. Permitir\u00e1 obtener capacidades para el c\u00e1lculo de cada uno de los subsistemas solares (sistema de captaci\u00f3n, sistema de acumulaci\u00f3n solar, sistema hidr\u00e1ulico (tuber\u00edas, bombas de impulsi\u00f3n, vaso de expansi\u00f3n), sistema de control, condiciones de seguridad y protecci\u00f3n, etc.<\/p>\n<p>Con la capacitaci\u00f3n usted ganar\u00e1 aptitudes v\u00e1lidas en el dise\u00f1o de sistemas para hoteles, clubs, hospitales, viviendas uni y multi familiares, entre otros. Obteniendo herramientas que le permitan tener criterios de selecci\u00f3n de tecnolog\u00edas y\/o configuraciones.<\/p>\n<p>El foco principal del curso se encuentra en el c\u00e1lculo y dimensionamiento del sistema y en menor grado en los detalles t\u00e9cnicos de la ejecuci\u00f3n de la obra. Para ello ver el curso: Instaladores de sistemas solares t\u00e9rmicos. No obstante, muchas herramientas te\u00f3ricas abordadas, le permitir\u00e1n tener criterios orientados a la ejecuci\u00f3n.[\/vc_column_text]\t\t<\/div>\r\n\t<\/div>\r\n<\/div><div class=\"qodef-elements-holder-item qodef-vertical-alignment-middle qodef-horizontal-alignment-center\" >\r\n\t<div class=\"qodef-elements-holder-item-inner\">\r\n\t\t<div class=\"qodef-elements-holder-item-content qodef-elements-holder-custom-866205\" >\r\n\t\t\t\t\t\t[vc_column_text]<\/p>\n<p style=\"text-align: center;\"><span style=\"color: #000000;\">Orientaci\u00f3n del Curso<\/span><\/p>\n<p>[\/vc_column_text][vc_empty_space height=\u00bb16&#8243;]<div class=\"qodef-pie-chart-pie-holder\">\r\n\t<div class=\"qodef-pie-chart-pie\">\r\n\t\t<canvas id=\"pie2988\" class=\"qodef-pie\" height=\"150\" width=\"150\" data-value-1=\"70\" data-color-1=\"#008697\" data-legend-1=\"dise\u00f1o\" data-value-2=\"30\" data-color-2=\"#548e96\" data-legend-2=\"instalaci\u00f3n\"><\/canvas>\r\n\t<\/div>\r\n\t<div class=\"qodef-pie-legend\">\r\n\t\t<ul>\r\n\t\t\t\t\t\t<li>\r\n\t\t\t\t<div class=\"qodef-pie-color-holder\" style=\"background-color: #008697\" ><\/div>\r\n\t\t\t\t<p>dise\u00f1o<\/p>\r\n\t\t\t\t\t\t\t<li>\r\n\t\t\t\t<div class=\"qodef-pie-color-holder\" style=\"background-color: #548e96\" ><\/div>\r\n\t\t\t\t<p>instalaci\u00f3n<\/p>\r\n\t\t\t\t\t\t\t<\/li>\r\n\t\t<\/ul>\r\n\t<\/div>\r\n<\/div>[vc_empty_space height=\u00bb20&#8243;]\t\t<\/div>\r\n\t<\/div>\r\n<\/div><\/div><div class=\"qodef-separator-holder clearfix  qodef-separator-center qodef-separator-full-width\">\r\n\t<div class=\"qodef-separator\" style=\"border-width: 5px\"><\/div>\r\n<\/div>\r\n[\/vc_column][\/vc_row][vc_row content_width=\u00bbgrid\u00bb content_aligment=\u00bbcenter\u00bb css=\u00bb.vc_custom_1446195467277{padding-top: 65px !important;padding-bottom: 15px !important;}\u00bb][vc_column offset=\u00bbvc_col-lg-offset-2 vc_col-lg-8&#8243;][vc_column_text]<\/p>\n<p style=\"text-align: left;\"><span style=\"color: #000000;\"><strong>Objetivo general<\/strong><\/span><\/p>\n<p style=\"text-align: left;\"><span style=\"color: #000000;\">Informar, capacitar y concientizar sobre las posibilidades y limitaciones del uso de energ\u00eda solar t\u00e9rmica. Determinar su interacci\u00f3n con las instalaciones convencionales, calcular ahorro energ\u00e9tico y econ\u00f3mico. Analizar alternativas sustentables para la implementaci\u00f3n de tecnolog\u00eda solar en la construcci\u00f3n.<\/span><\/p>\n<p><strong>\u00a0<\/strong>[\/vc_column_text][vc_empty_space height=\u00bb16&#8243;][vc_column_text]<\/p>\n<p style=\"text-align: left;\"><span style=\"color: #000000;\"><strong>Objetivo especifico;<\/strong><\/span><\/p>\n<p style=\"text-align: left;\">Generar recursos humanos a trav\u00e9s de capacitaci\u00f3n espec\u00edfica, como instrumento para la expansi\u00f3n y consolidaci\u00f3n efectiva del mercado local de las energ\u00edas renovables.Lograr que los profesionales dimensionen correctamente sistemas solares t\u00e9rmicos.<\/p>\n<p style=\"text-align: left;\">Determinar energ\u00eda generada por diversos sistemas solares t\u00e9rmicos. Optimizaci\u00f3n de la geometr\u00eda solar de la instalaci\u00f3n. Optimizar la instalaci\u00f3n solar para la interacci\u00f3n con el sistema convencional, etc.<\/p>\n<p>[\/vc_column_text][vc_empty_space height=\u00bb16&#8243;][\/vc_column][\/vc_row][vc_row content_width=\u00bbgrid\u00bb content_aligment=\u00bbcenter\u00bb css=\u00bb.vc_custom_1471976495033{padding-top: 65px !important;padding-bottom: 65px !important;background-color: #dddedf !important;}\u00bb][vc_column width=\u00bb1\/2&#8243; offset=\u00bbvc_col-lg-offset-2 vc_col-lg-8&#8243;][vc_column_text]<\/p>\n<h2>Informaci\u00f3n general<\/h2>\n<p>[\/vc_column_text][vc_column_text]<\/p>\n<h5>Curso presencial<\/h5>\n<p>[\/vc_column_text][vc_empty_space height=\u00bb16px\u00bb][\/vc_column][\/vc_row][vc_row row_type=\u00bbparallax\u00bb content_width=\u00bbgrid\u00bb content_aligment=\u00bbcenter\u00bb full_screen_section_height=\u00bbno\u00bb css=\u00bb.vc_custom_1471975457868{background: #f4f4f4 url(https:\/\/pledu.com.ar\/sitio\/wp-content\/uploads\/2016\/08\/b.png?id=4339) !important;background-position: center !important;background-repeat: no-repeat !important;background-size: cover !important;}\u00bb][vc_column width=\u00bb1\/3&#8243;]<div class=\"qodef-elements-holder qodef-responsive-mode-768\" ><div class=\"qodef-elements-holder-item qodef-vertical-alignment-middle qodef-horizontal-alignment-left\" style=\"background-color: #ffffff\">\r\n\t<div class=\"qodef-elements-holder-item-inner\">\r\n\t\t<div class=\"qodef-elements-holder-item-content qodef-elements-holder-custom-835845\" style=\"padding: 0 0 0 0\">\r\n\t\t\t\t\t\t<div class=\"qodef-underline-icon-box-holder left qodef-with-border qodef-background-animation\">\r\n\t<div class=\"qodef-underline-icon-box-holder-inner\">\r\n\t\t<div class=\"qodef-underline-icon-box-icon-holder\">\r\n\t\t\t\n    <span class=\"qodef-icon-shortcode normal \"  >\n        \n        <i class=\"qodef-icon-simple-line-icon icon-people qodef-icon-element\" style=\"\" ><\/i>\n            <\/span>\n\n\t\t<\/div>\r\n\t\t<div class=\"qodef-underline-icon-box-text-holder\">\r\n\t\t\t<div class=\"qodef-underline-icon-box-title\">\r\n\t\t\t\t<h3>Dirigido a:<\/h3>\r\n\t\t\t<\/div>\r\n\t\t\t<div class=\"qodef-underline-icon-box-text\">\r\n\t\t\t\t<p>El curso se encuentra dirigido a: ingenieros, arquitectos, estudiantes, plomeros, gasistas, etc. .<\/p>\r\n\t\t\t<\/div>\r\n\t\t<\/div>\r\n\t<\/div>\r\n\t<div class=\"qodef-underline-icon-box-underline\">\r\n\t\t<span class=\"qodef-underline-holder\"><\/span>\r\n\t<\/div>\r\n<\/div>\t\t<\/div>\r\n\t<\/div>\r\n<\/div><\/div>[vc_empty_space height=\u00bb16&#8243;]<div class=\"qodef-elements-holder qodef-responsive-mode-768\" ><div class=\"qodef-elements-holder-item qodef-vertical-alignment-middle qodef-horizontal-alignment-left\" style=\"background-color: #ffffff\">\r\n\t<div class=\"qodef-elements-holder-item-inner\">\r\n\t\t<div class=\"qodef-elements-holder-item-content qodef-elements-holder-custom-783432\" style=\"padding: 0 0 0 0\">\r\n\t\t\t\t\t\t<div class=\"qodef-underline-icon-box-holder left qodef-with-border qodef-background-animation\">\r\n\t<div class=\"qodef-underline-icon-box-holder-inner\">\r\n\t\t<div class=\"qodef-underline-icon-box-icon-holder\">\r\n\t\t\t\n    <span class=\"qodef-icon-shortcode normal \"  >\n        \n        <i class=\"qodef-icon-simple-line-icon icon-calender qodef-icon-element\" style=\"\" ><\/i>\n            <\/span>\n\n\t\t<\/div>\r\n\t\t<div class=\"qodef-underline-icon-box-text-holder\">\r\n\t\t\t<div class=\"qodef-underline-icon-box-title\">\r\n\t\t\t\t<h3>Fecha y Hora<\/h3>\r\n\t\t\t<\/div>\r\n\t\t\t<div class=\"qodef-underline-icon-box-text\">\r\n\t\t\t\t<p>Cupo Cerrado. Actualmente se est\u00e1 dictando. Suscribase para recibir informaci\u00f3n.<\/p>\r\n\t\t\t<\/div>\r\n\t\t<\/div>\r\n\t<\/div>\r\n\t<div class=\"qodef-underline-icon-box-underline\">\r\n\t\t<span class=\"qodef-underline-holder\"><\/span>\r\n\t<\/div>\r\n<\/div>\t\t<\/div>\r\n\t<\/div>\r\n<\/div><\/div>[vc_empty_space height=\u00bb50&#8243;]<a href=\"https:\/\/pledu.com.ar\/sitio\/temario-detallado-dst-dist\/\" target=\"_self\"  class=\"qodef-btn qodef-btn-large qodef-btn-solid\"  >\n        <span class=\"qodef-btn-text\">Ver temario<\/span>\n    <span class=\"qodef-btn-text-icon\"><\/span>\n<\/a>[vc_empty_space height=\u00bb50&#8243;][\/vc_column][vc_column width=\u00bb1\/3&#8243;]<div class=\"qodef-elements-holder qodef-responsive-mode-768\" ><div class=\"qodef-elements-holder-item qodef-vertical-alignment-middle qodef-horizontal-alignment-left\" style=\"background-color: #ffffff\">\r\n\t<div class=\"qodef-elements-holder-item-inner\">\r\n\t\t<div class=\"qodef-elements-holder-item-content qodef-elements-holder-custom-928960\" style=\"padding: 0 0 0 0\">\r\n\t\t\t\t\t\t<div class=\"qodef-underline-icon-box-holder left qodef-with-border qodef-background-animation\">\r\n\t<div class=\"qodef-underline-icon-box-holder-inner\">\r\n\t\t<div class=\"qodef-underline-icon-box-icon-holder\">\r\n\t\t\t\n    <span class=\"qodef-icon-shortcode normal \"  >\n        \n        <i class=\"qodef-icon-simple-line-icon icon-question qodef-icon-element\" style=\"\" ><\/i>\n            <\/span>\n\n\t\t<\/div>\r\n\t\t<div class=\"qodef-underline-icon-box-text-holder\">\r\n\t\t\t<div class=\"qodef-underline-icon-box-title\">\r\n\t\t\t\t<h3>Requisitos: <\/h3>\r\n\t\t\t<\/div>\r\n\t\t\t<div class=\"qodef-underline-icon-box-text\">\r\n\t\t\t\t<p>Manejo de PC(excel, internet). No se requiere conocimiento de energ\u00eda solar.<\/p>\r\n\t\t\t<\/div>\r\n\t\t<\/div>\r\n\t<\/div>\r\n\t<div class=\"qodef-underline-icon-box-underline\">\r\n\t\t<span class=\"qodef-underline-holder\"><\/span>\r\n\t<\/div>\r\n<\/div>[vc_empty_space height=\u00bb16&#8243;]\t\t<\/div>\r\n\t<\/div>\r\n<\/div><\/div>[vc_empty_space height=\u00bb16&#8243;]<div class=\"qodef-elements-holder qodef-responsive-mode-768\" ><div class=\"qodef-elements-holder-item qodef-vertical-alignment-middle qodef-horizontal-alignment-left\" style=\"background-color: #ffffff\">\r\n\t<div class=\"qodef-elements-holder-item-inner\">\r\n\t\t<div class=\"qodef-elements-holder-item-content qodef-elements-holder-custom-339969\" style=\"padding: 0 0 0 0\">\r\n\t\t\t\t\t\t<div class=\"qodef-underline-icon-box-holder left qodef-with-border qodef-background-animation\">\r\n\t<div class=\"qodef-underline-icon-box-holder-inner\">\r\n\t\t<div class=\"qodef-underline-icon-box-icon-holder\">\r\n\t\t\t\n    <span class=\"qodef-icon-shortcode normal \"  >\n        \n        <i class=\"qodef-icon-simple-line-icon icon-location-pin qodef-icon-element\" style=\"\" ><\/i>\n            <\/span>\n\n\t\t<\/div>\r\n\t\t<div class=\"qodef-underline-icon-box-text-holder\">\r\n\t\t\t<div class=\"qodef-underline-icon-box-title\">\r\n\t\t\t\t<h3>Lugar<\/h3>\r\n\t\t\t<\/div>\r\n\t\t\t<div class=\"qodef-underline-icon-box-text\">\r\n\t\t\t\t<p>En el aula virtual de la plataforma PLEDU. Obtendras usuario y contrase\u00f1a luego de registrarte.<\/p>\r\n\t\t\t<\/div>\r\n\t\t<\/div>\r\n\t<\/div>\r\n\t<div class=\"qodef-underline-icon-box-underline\">\r\n\t\t<span class=\"qodef-underline-holder\"><\/span>\r\n\t<\/div>\r\n<\/div>\t\t<\/div>\r\n\t<\/div>\r\n<\/div><\/div>[vc_empty_space height=\u00bb50&#8243;]<a href=\"https:\/\/pledu.com.ar\/sitio\/consultas\/\" target=\"_self\"  class=\"qodef-btn qodef-btn-large qodef-btn-solid\"  >\n        <span class=\"qodef-btn-text\">Consulta<\/span>\n    <span class=\"qodef-btn-text-icon\"><\/span>\n<\/a>[vc_empty_space height=\u00bb50&#8243;][\/vc_column][vc_column width=\u00bb1\/3&#8243;]<div class=\"qodef-elements-holder qodef-responsive-mode-768\" ><div class=\"qodef-elements-holder-item qodef-vertical-alignment-middle qodef-horizontal-alignment-left\" style=\"background-color: #ffffff\">\r\n\t<div class=\"qodef-elements-holder-item-inner\">\r\n\t\t<div class=\"qodef-elements-holder-item-content qodef-elements-holder-custom-487701\" style=\"padding: 0 0 0 0\">\r\n\t\t\t\t\t\t<div class=\"qodef-underline-icon-box-holder left qodef-with-border qodef-background-animation\">\r\n\t<div class=\"qodef-underline-icon-box-holder-inner\">\r\n\t\t<div class=\"qodef-underline-icon-box-icon-holder\">\r\n\t\t\t\n    <span class=\"qodef-icon-shortcode normal \"  >\n        \n        <i class=\"qodef-icon-simple-line-icon icon-graduation qodef-icon-element\" style=\"\" ><\/i>\n            <\/span>\n\n\t\t<\/div>\r\n\t\t<div class=\"qodef-underline-icon-box-text-holder\">\r\n\t\t\t<div class=\"qodef-underline-icon-box-title\">\r\n\t\t\t\t<h3>Campo de acci\u00f3n<\/h3>\r\n\t\t\t<\/div>\r\n\t\t\t<div class=\"qodef-underline-icon-box-text\">\r\n\t\t\t\t<p>Podr\u00e1 desarrollarse como dise\u00f1ador de sistemas solares t\u00e9rmicos. Podr\u00e1 ejecutar obras si es instalador sanitario o af\u00edn.<\/p>\r\n\t\t\t<\/div>\r\n\t\t<\/div>\r\n\t<\/div>\r\n\t<div class=\"qodef-underline-icon-box-underline\">\r\n\t\t<span class=\"qodef-underline-holder\"><\/span>\r\n\t<\/div>\r\n<\/div>[vc_empty_space height=\u00bb8&#8243;]\t\t<\/div>\r\n\t<\/div>\r\n<\/div><\/div>[vc_empty_space height=\u00bb16&#8243;]<div class=\"qodef-elements-holder qodef-responsive-mode-768\" ><div class=\"qodef-elements-holder-item qodef-vertical-alignment-middle qodef-horizontal-alignment-left\" style=\"background-color: #ffffff\">\r\n\t<div class=\"qodef-elements-holder-item-inner\">\r\n\t\t<div class=\"qodef-elements-holder-item-content qodef-elements-holder-custom-339165\" style=\"padding: 0 0 0 0\">\r\n\t\t\t\t\t\t<div class=\"qodef-underline-icon-box-holder left qodef-with-border qodef-background-animation\">\r\n\t<div class=\"qodef-underline-icon-box-holder-inner\">\r\n\t\t<div class=\"qodef-underline-icon-box-icon-holder\">\r\n\t\t\t\n    <span class=\"qodef-icon-shortcode normal \"  >\n        \n        <i class=\"qodef-icon-font-awesome fa fa-money qodef-icon-element\" style=\"\" ><\/i>\n            <\/span>\n\n\t\t<\/div>\r\n\t\t<div class=\"qodef-underline-icon-box-text-holder\">\r\n\t\t\t<div class=\"qodef-underline-icon-box-title\">\r\n\t\t\t\t<h3>Inversi\u00f3n:<\/h3>\r\n\t\t\t<\/div>\r\n\t\t\t<div class=\"qodef-underline-icon-box-text\">\r\n\t\t\t\t<p>$ 2.500 (dos mil quinientos pesos argentinos). Duraci\u00f3n: 20hs<\/p>\r\n\t\t\t<\/div>\r\n\t\t<\/div>\r\n\t<\/div>\r\n\t<div class=\"qodef-underline-icon-box-underline\">\r\n\t\t<span class=\"qodef-underline-holder\"><\/span>\r\n\t<\/div>\r\n<\/div>\t\t<\/div>\r\n\t<\/div>\r\n<\/div><\/div>[vc_empty_space height=\u00bb50&#8243;]<a href=\"#\" target=\"_self\"  class=\"qodef-btn qodef-btn-large qodef-btn-solid\"  >\n        <span class=\"qodef-btn-text\">Inscribirme<\/span>\n    <span class=\"qodef-btn-text-icon\"><\/span>\n<\/a>[vc_empty_space height=\u00bb50&#8243;][\/vc_column][\/vc_row][vc_row content_width=\u00bbgrid\u00bb][vc_column][vc_empty_space][vc_column_text]<\/p>\n<h2 style=\"text-align: center;\">Equipo Docente<\/h2>\n<p>[\/vc_column_text][\/vc_column][\/vc_row][vc_row content_width=\u00bbgrid\u00bb content_aligment=\u00bbcenter\u00bb][vc_column width=\u00bb1\/3&#8243;][vc_empty_space][vc_single_image image=\u00bb3551&#8243; img_size=\u00bb222&#215;222&#8243; alignment=\u00bbcenter\u00bb style=\u00bbvc_box_circle_2&#8243; onclick=\u00bbcustom_link\u00bb img_link_target=\u00bb_blank\u00bb][vc_empty_space height=\u00bb26&#8243;][vc_column_text]<\/p>\n<h3><strong><span style=\"color: #000000;\">Jorge Chemes<\/span><\/strong><\/h3>\n<p>[\/vc_column_text][vc_empty_space height=\u00bb5&#8243;][vc_column_text]<\/p>\n<h6 style=\"text-align: center;\"><span style=\"color: #ff9900;\">Ingeniero<\/span><\/h6>\n<p>[\/vc_column_text][vc_empty_space height=\u00bb5&#8243;][vc_column_text]Especialista en geometr\u00eda solar, radiaci\u00f3n solar y software de aplicaci\u00f3n.[\/vc_column_text][vc_empty_space height=\u00bb31&#8243;]<a href=\"https:\/\/pledu.com.ar\/sitio\/jorgechemes\/\" target=\"_self\"  class=\"qodef-btn qodef-btn-small qodef-btn-solid\"  >\n        <span class=\"qodef-btn-text\">ver mas<\/span>\n    <span class=\"qodef-btn-text-icon\"><\/span>\n<\/a>[vc_empty_space][\/vc_column][vc_column width=\u00bb1\/3&#8243;][vc_empty_space][vc_single_image image=\u00bb3843&#8243; img_size=\u00bb222&#215;222&#8243; alignment=\u00bbcenter\u00bb style=\u00bbvc_box_circle_2&#8243; onclick=\u00bbcustom_link\u00bb img_link_target=\u00bb_blank\u00bb link=\u00bbhttps:\/\/www.linkedin.com\/in\/ignacioarrana?authType=NAME_SEARCH&amp;authToken=m0qg&amp;locale=es_ES&amp;trk=tyah&amp;trkInfo=clickedVertical%3Amynetwork%2CclickedEntityId%3A451760448%2CauthType%3ANAME_SEARCH%2Cidx%3A1-1-1%2CtarId%3A1471469242396%2Ctas%3Aignaci\u00bb][vc_empty_space height=\u00bb26&#8243;][vc_column_text]<\/p>\n<h3><strong><span style=\"color: #000000;\">Ignacio Arra\u00f1a<\/span><\/strong><\/h3>\n<p>[\/vc_column_text][vc_empty_space height=\u00bb5&#8243;][vc_column_text]<\/p>\n<h6 style=\"text-align: center;\"><span style=\"color: #ff9900;\">Ingeniero<\/span><\/h6>\n<p>[\/vc_column_text][vc_empty_space height=\u00bb5&#8243;][vc_column_text]Especialista en dimensionamiento de sistemas solares t\u00e9rmicos y fotovoltaicos[\/vc_column_text][vc_empty_space height=\u00bb31&#8243;]<a href=\"https:\/\/pledu.com.ar\/sitio\/docente_ignacioarrana\/\" target=\"_self\"  class=\"qodef-btn qodef-btn-small qodef-btn-solid\"  >\n        <span class=\"qodef-btn-text\">ver mas<\/span>\n    <span class=\"qodef-btn-text-icon\"><\/span>\n<\/a>[vc_empty_space][\/vc_column][vc_column width=\u00bb1\/3&#8243;][vc_empty_space][vc_single_image image=\u00bb4769&#8243; img_size=\u00bb222&#215;222&#8243; alignment=\u00bbcenter\u00bb style=\u00bbvc_box_circle_2&#8243; onclick=\u00bbcustom_link\u00bb img_link_target=\u00bb_blank\u00bb][vc_empty_space height=\u00bb26&#8243;][vc_column_text]<\/p>\n<h3><strong><span style=\"color: #000000;\">Martin Orecchia<\/span><\/strong><\/h3>\n<p>[\/vc_column_text][vc_empty_space height=\u00bb5&#8243;][vc_column_text]<\/p>\n<h6 style=\"text-align: center;\"><span style=\"color: #ff9900;\">T\u00e9cnico<\/span><\/h6>\n<p>[\/vc_column_text][vc_empty_space height=\u00bb5&#8243;][vc_column_text]Especialista en\u00a0instalaciones solares t\u00e9rmicas de baja y alta complejidad[\/vc_column_text][vc_empty_space height=\u00bb31&#8243;]<a href=\"https:\/\/pledu.com.ar\/sitio\/martin-orecchia\/\" target=\"_self\"  class=\"qodef-btn qodef-btn-small qodef-btn-solid\"  >\n        <span class=\"qodef-btn-text\">ver mas<\/span>\n    <span class=\"qodef-btn-text-icon\"><\/span>\n<\/a>[vc_empty_space][\/vc_column][\/vc_row][vc_row row_type=\u00bbparallax\u00bb content_aligment=\u00bbcenter\u00bb full_screen_section_height=\u00bbno\u00bb parallax_background_image=\u00bb3919&#8243;][vc_column][vc_empty_space height=\u00bb150&#8243;]\n<div class=\"qodef-custom-font-holder\" style=\"font-family: Raleway;font-size: 58px;line-height: 59px;font-weight: 700;letter-spacing: 0px;color: #ffffff\" data-font-size= 58 data-line-height= 59>\n\tSe parte de la Energ\u00eda Solar<\/div>[vc_empty_space height=\u00bb50&#8243;]<div class=\"qodef-iwt clearfix qodef-iwt-icon-top qodef-iwt-icon-huge\">\n    <div class=\"qodef-iwt-icon-holder\">\n                        <span class=\"qodef-icon-animation-holder\" >\n\n    <span class=\"qodef-icon-shortcode normal qodef-icon-animation qodef-icon-huge\"  data-color=\"#ffffff\">\n        \n        <i class=\"qodef-icon-font-awesome fa fa-calendar qodef-icon-element\" style=\"color: #ffffff\" ><\/i>\n            <\/span>\n\n    <\/span>\n            <\/div>\n    <div class=\"qodef-iwt-content-holder\" >\n                    <div class=\"qodef-iwt-title-holder\">\n                <h4 style=\"color: #ffffff\">Inscripci\u00f3n cerrada<\/h4>\n            <\/div>\n                <div class=\"qodef-iwt-text-holder\">\n            <p style=\"color: #ffffff\">Anotate para el pr\u00f3ximo<\/p>\n\n                    <\/div>\n    <\/div>\n<\/div>[vc_empty_space height=\u00bb50&#8243;]<a href=\"https:\/\/pledu.com.ar\/sitio\/suscripcion\/\" target=\"_self\" style=\"color: #ffffff;border-color: #ffffff\" class=\"qodef-btn qodef-btn-huge qodef-btn-default qodef-btn-icon\"  >\n        <span class=\"qodef-btn-text\">Suscribite al volet\u00edn de cursos<\/span>\n    <span class=\"qodef-btn-text-icon\"><i class=\"qodef-icon-simple-line-icon icon-pencil \" ><\/i><\/span>\n<\/a>[vc_empty_space height=\u00bb150&#8243;][\/vc_column][\/vc_row][vc_row content_width=\u00bbgrid\u00bb content_aligment=\u00bbcenter\u00bb css=\u00bb.vc_custom_1471301311218{background-color: #f4f4f4 !important;}\u00bb][vc_column][vc_empty_space height=\u00bb40&#8243;][vc_column_text]<\/p>\n<h2 style=\"text-align: center;\">Fotos<\/h2>\n<p>[\/vc_column_text][\/vc_column][\/vc_row][vc_row content_width=\u00bbgrid\u00bb content_aligment=\u00bbcenter\u00bb css=\u00bb.vc_custom_1471298289585{background-color: #f4f4f4 !important;}\u00bb][vc_column width=\u00bb1\/6&#8243;][vc_empty_space][vc_single_image image=\u00bb3925&#8243; alignment=\u00bbcenter\u00bb onclick=\u00bblink_image\u00bb][vc_empty_space][\/vc_column][vc_column width=\u00bb1\/6&#8243;][vc_empty_space][vc_single_image image=\u00bb3923&#8243; alignment=\u00bbcenter\u00bb onclick=\u00bblink_image\u00bb][vc_empty_space][\/vc_column][vc_column width=\u00bb1\/6&#8243;][vc_empty_space][vc_single_image image=\u00bb4221&#8243; alignment=\u00bbcenter\u00bb onclick=\u00bblink_image\u00bb][vc_empty_space][\/vc_column][vc_column width=\u00bb1\/6&#8243;][vc_empty_space][vc_single_image image=\u00bb4215&#8243; alignment=\u00bbcenter\u00bb onclick=\u00bblink_image\u00bb][vc_empty_space][\/vc_column][vc_column width=\u00bb1\/6&#8243;][vc_empty_space][vc_single_image image=\u00bb4499&#8243; alignment=\u00bbcenter\u00bb onclick=\u00bblink_image\u00bb][vc_empty_space][\/vc_column][vc_column width=\u00bb1\/6&#8243;][vc_empty_space][vc_single_image image=\u00bb4225&#8243; alignment=\u00bbcenter\u00bb onclick=\u00bblink_image\u00bb][vc_empty_space][\/vc_column][\/vc_row][vc_row content_width=\u00bbgrid\u00bb content_aligment=\u00bbcenter\u00bb css=\u00bb.vc_custom_1471217251345{background-color: #f4f4f4 !important;}\u00bb][vc_column][vc_empty_space][vc_empty_space][\/vc_column][\/vc_row]<\/p>\n","protected":false},"excerpt":{"rendered":"<p>[vc_row content_width=\u00bbgrid\u00bb][vc_column][vc_empty_space][vc_column_text] Dise\u00f1o y dimensionamiento\u00a0de Sistemas Solares\u00a0T\u00e9rmicos baja y gran demanda de agua [\/vc_column_text][vc_empty_space][\/vc_column][\/vc_row][vc_row content_width=\u00bbgrid\u00bb content_aligment=\u00bbcenter\u00bb css=\u00bb.vc_custom_1446195467277{padding-top: 65px !important;padding-bottom: 15px !important;}\u00bb][vc_column offset=\u00bbvc_col-lg-offset-2 vc_col-lg-8&#8243;][vc_column_text] Objetivo general Informar, capacitar y concientizar sobre las posibilidades y limitaciones del uso de energ\u00eda solar t\u00e9rmica. Determinar su interacci\u00f3n con las&#8230;<\/p>\n","protected":false},"author":3,"featured_media":0,"parent":0,"menu_order":0,"comment_status":"closed","ping_status":"closed","template":"full-width.php","meta":{"footnotes":""},"class_list":["post-4945","page","type-page","status-publish","hentry"],"aioseo_notices":[],"_links":{"self":[{"href":"https:\/\/pledu.com.ar\/sitio\/wp-json\/wp\/v2\/pages\/4945","targetHints":{"allow":["GET"]}}],"collection":[{"href":"https:\/\/pledu.com.ar\/sitio\/wp-json\/wp\/v2\/pages"}],"about":[{"href":"https:\/\/pledu.com.ar\/sitio\/wp-json\/wp\/v2\/types\/page"}],"author":[{"embeddable":true,"href":"https:\/\/pledu.com.ar\/sitio\/wp-json\/wp\/v2\/users\/3"}],"replies":[{"embeddable":true,"href":"https:\/\/pledu.com.ar\/sitio\/wp-json\/wp\/v2\/comments?post=4945"}],"version-history":[{"count":5,"href":"https:\/\/pledu.com.ar\/sitio\/wp-json\/wp\/v2\/pages\/4945\/revisions"}],"predecessor-version":[{"id":4979,"href":"https:\/\/pledu.com.ar\/sitio\/wp-json\/wp\/v2\/pages\/4945\/revisions\/4979"}],"wp:attachment":[{"href":"https:\/\/pledu.com.ar\/sitio\/wp-json\/wp\/v2\/media?parent=4945"}],"curies":[{"name":"wp","href":"https:\/\/api.w.org\/{rel}","templated":true}]}}