{"id":4959,"date":"2016-10-14T15:14:16","date_gmt":"2016-10-14T18:14:16","guid":{"rendered":"https:\/\/pledu.com.ar\/sitio\/?page_id=4959"},"modified":"2016-10-14T15:40:43","modified_gmt":"2016-10-14T18:40:43","slug":"dist-st-arq","status":"publish","type":"page","link":"https:\/\/pledu.com.ar\/sitio\/dist-st-arq\/","title":{"rendered":"Solar T\u00e9rmica Arq"},"content":{"rendered":"<p>[vc_row content_width=\u00bbgrid\u00bb content_aligment=\u00bbcenter\u00bb css=\u00bb.vc_custom_1446195467277{padding-top: 65px !important;padding-bottom: 15px !important;}\u00bb][vc_column offset=\u00bbvc_col-lg-offset-2 vc_col-lg-8&#8243;][vc_column_text]<\/p>\n<h2>Energ\u00eda Solar T\u00e9rmica<\/h2>\n<h3>Condiciones T\u00e9cnicas para la implementaci\u00f3n en proyectos<\/h3>\n<p>[\/vc_column_text][vc_empty_space][vc_column_text]\u00c9ste curso se encuentra estrictamente dirigido\u00a0a comprender como dejar un proyecto de arquitectura listo para la integraci\u00f3n de un sistema solar t\u00e9rmico, durante el desarrollo inicial de proyecto o en etapas posteriores. Tambi\u00e9n brinda herramientas fundamentales para saber comprar o asesorar al cliente sobre sistemas solares t\u00e9rmicos.[\/vc_column_text][vc_empty_space height=\u00bb16&#8243;]<div class=\"qodef-separator-holder clearfix  qodef-separator-center qodef-separator-full-width\">\r\n\t<div class=\"qodef-separator\" style=\"border-width: 5px\"><\/div>\r\n<\/div>\r\n[vc_empty_space height=\u00bb16&#8243;][vc_column_text]<\/p>\n<p style=\"text-align: left;\"><span style=\"color: #000000;\"><strong>Objetivo General<\/strong><\/span><\/p>\n<p style=\"text-align: left;\">Informar, capacitar, y concientizar sobre las posibilidades y limitaciones del uso de energ\u00eda solar t\u00e9rmica en la construcci\u00f3n. Determinar su interacci\u00f3n con las instalaciones convencionales. Discutir y analizar alternativas sustentables para la implementaci\u00f3n de tecnolog\u00eda solar en la construcci\u00f3n.<\/p>\n<p>[\/vc_column_text][vc_empty_space height=\u00bb16&#8243;][vc_column_text]<\/p>\n<p style=\"text-align: left;\"><span style=\"color: #000000;\"><strong>Objetivo Espec\u00edfico<\/strong><\/span><\/p>\n<p style=\"text-align: left;\">Lograr que los profesionales de la arquitectura y la construcci\u00f3n aprendan a integrar sistemas solares t\u00e9rmicos a sus proyectos, en etapas iniciales o posteriores del mismo.<\/p>\n<p style=\"text-align: left;\">Conocer las diversas tecnolog\u00edas y funcionamiento para el aprovechamiento de la energ\u00eda solar t\u00e9rmica. Aprender\u00e1 a contemplar los espacios t\u00e9cnicos necesarios para la implementaci\u00f3n de la tecnolog\u00eda solar t\u00e9rmica, superficies y distancias cr\u00edticas, y sistemas t\u00edpicos para aplicaciones concretas. En este curso no se aprender\u00e1 a dimensionar los sistemas en detalle pero si a dejar los proyectos arquitect\u00f3nicos listos para la integraci\u00f3n con la tecnolog\u00eda solar.<\/p>\n<p>[\/vc_column_text][vc_empty_space height=\u00bb16&#8243;][\/vc_column][\/vc_row][vc_row content_width=\u00bbgrid\u00bb content_aligment=\u00bbcenter\u00bb css=\u00bb.vc_custom_1446195589509{padding-top: 65px !important;padding-bottom: 65px !important;background-color: #f4f4f4 !important;}\u00bb][vc_column width=\u00bb1\/2&#8243; offset=\u00bbvc_col-lg-offset-2 vc_col-lg-8&#8243;][vc_column_text]<\/p>\n<h2>Informaci\u00f3n general<\/h2>\n<p>[\/vc_column_text][vc_column_text]<\/p>\n<h5>Curso presencial<\/h5>\n<p>[\/vc_column_text][vc_empty_space height=\u00bb16px\u00bb][\/vc_column][\/vc_row][vc_row content_width=\u00bbgrid\u00bb content_aligment=\u00bbcenter\u00bb css=\u00bb.vc_custom_1471211206236{background-color: #f4f4f4 !important;background-position: center !important;background-repeat: no-repeat !important;background-size: cover !important;}\u00bb][vc_column width=\u00bb1\/3&#8243;]<div class=\"qodef-elements-holder qodef-responsive-mode-768\" ><div class=\"qodef-elements-holder-item qodef-vertical-alignment-middle qodef-horizontal-alignment-left\" style=\"background-color: #ffffff\">\r\n\t<div class=\"qodef-elements-holder-item-inner\">\r\n\t\t<div class=\"qodef-elements-holder-item-content qodef-elements-holder-custom-696747\" style=\"padding: 0 0 0 0\">\r\n\t\t\t\t\t\t<div class=\"qodef-underline-icon-box-holder left qodef-with-border qodef-background-animation\">\r\n\t<div class=\"qodef-underline-icon-box-holder-inner\">\r\n\t\t<div class=\"qodef-underline-icon-box-icon-holder\">\r\n\t\t\t\n    <span class=\"qodef-icon-shortcode normal \"  >\n        \n        <i class=\"qodef-icon-simple-line-icon icon-people qodef-icon-element\" style=\"\" ><\/i>\n            <\/span>\n\n\t\t<\/div>\r\n\t\t<div class=\"qodef-underline-icon-box-text-holder\">\r\n\t\t\t<div class=\"qodef-underline-icon-box-title\">\r\n\t\t\t\t<h3>Dirigido a:<\/h3>\r\n\t\t\t<\/div>\r\n\t\t\t<div class=\"qodef-underline-icon-box-text\">\r\n\t\t\t\t<p>proyectistas, arquitectos, ingenieros, estudiantes, gasistas, plomeros, etc.<\/p>\r\n\t\t\t<\/div>\r\n\t\t<\/div>\r\n\t<\/div>\r\n\t<div class=\"qodef-underline-icon-box-underline\">\r\n\t\t<span class=\"qodef-underline-holder\"><\/span>\r\n\t<\/div>\r\n<\/div>\t\t<\/div>\r\n\t<\/div>\r\n<\/div><\/div>[vc_empty_space height=\u00bb16&#8243;]<div class=\"qodef-elements-holder qodef-responsive-mode-768\" ><div class=\"qodef-elements-holder-item qodef-vertical-alignment-middle qodef-horizontal-alignment-left\" style=\"background-color: #ffffff\">\r\n\t<div class=\"qodef-elements-holder-item-inner\">\r\n\t\t<div class=\"qodef-elements-holder-item-content qodef-elements-holder-custom-289990\" style=\"padding: 0 0 0 0\">\r\n\t\t\t\t\t\t<div class=\"qodef-underline-icon-box-holder left qodef-with-border qodef-background-animation\">\r\n\t<div class=\"qodef-underline-icon-box-holder-inner\">\r\n\t\t<div class=\"qodef-underline-icon-box-icon-holder\">\r\n\t\t\t\n    <span class=\"qodef-icon-shortcode normal \"  >\n        \n        <i class=\"qodef-icon-simple-line-icon icon-calender qodef-icon-element\" style=\"\" ><\/i>\n            <\/span>\n\n\t\t<\/div>\r\n\t\t<div class=\"qodef-underline-icon-box-text-holder\">\r\n\t\t\t<div class=\"qodef-underline-icon-box-title\">\r\n\t\t\t\t<h3>Fecha y Hora<\/h3>\r\n\t\t\t<\/div>\r\n\t\t\t<div class=\"qodef-underline-icon-box-text\">\r\n\t\t\t\t<p>Comienza: Pr\u00f3ximamente. Suscribite y recib\u00ed informaci\u00f3n por email.<\/p>\r\n\t\t\t<\/div>\r\n\t\t<\/div>\r\n\t<\/div>\r\n\t<div class=\"qodef-underline-icon-box-underline\">\r\n\t\t<span class=\"qodef-underline-holder\"><\/span>\r\n\t<\/div>\r\n<\/div>\t\t<\/div>\r\n\t<\/div>\r\n<\/div><\/div>[vc_empty_space height=\u00bb50&#8243;]<a href=\"https:\/\/pledu.com.ar\/sitio\/temario-detallado-dist\" target=\"_self\" style=\"color: #ff9933;border-color: #ff9933\" class=\"qodef-btn qodef-btn-large qodef-btn-default qodef-btn-icon\"  >\n        <span class=\"qodef-btn-text\">Ver temario<\/span>\n    <span class=\"qodef-btn-text-icon\"><i class=\"qodef-icon-simple-line-icon icon-doc \" ><\/i><\/span>\n<\/a>[vc_empty_space height=\u00bb50&#8243;][\/vc_column][vc_column width=\u00bb1\/3&#8243;]<div class=\"qodef-elements-holder qodef-responsive-mode-768\" ><div class=\"qodef-elements-holder-item qodef-vertical-alignment-middle qodef-horizontal-alignment-left\" style=\"background-color: #ffffff\">\r\n\t<div class=\"qodef-elements-holder-item-inner\">\r\n\t\t<div class=\"qodef-elements-holder-item-content qodef-elements-holder-custom-886683\" style=\"padding: 0 0 0 0\">\r\n\t\t\t\t\t\t<div class=\"qodef-underline-icon-box-holder left qodef-with-border qodef-background-animation\">\r\n\t<div class=\"qodef-underline-icon-box-holder-inner\">\r\n\t\t<div class=\"qodef-underline-icon-box-icon-holder\">\r\n\t\t\t\n    <span class=\"qodef-icon-shortcode normal \"  >\n        \n        <i class=\"qodef-icon-simple-line-icon icon-question qodef-icon-element\" style=\"\" ><\/i>\n            <\/span>\n\n\t\t<\/div>\r\n\t\t<div class=\"qodef-underline-icon-box-text-holder\">\r\n\t\t\t<div class=\"qodef-underline-icon-box-title\">\r\n\t\t\t\t<h3>Requisitos: <\/h3>\r\n\t\t\t<\/div>\r\n\t\t\t<div class=\"qodef-underline-icon-box-text\">\r\n\t\t\t\t<p>Para tomar \u00e9ste curso no es necesario tener conocimientos previos de energ\u00eda solar t\u00e9rmica.<\/p>\r\n\t\t\t<\/div>\r\n\t\t<\/div>\r\n\t<\/div>\r\n\t<div class=\"qodef-underline-icon-box-underline\">\r\n\t\t<span class=\"qodef-underline-holder\"><\/span>\r\n\t<\/div>\r\n<\/div>\t\t<\/div>\r\n\t<\/div>\r\n<\/div><\/div>[vc_empty_space height=\u00bb16&#8243;]<div class=\"qodef-elements-holder qodef-responsive-mode-768\" ><div class=\"qodef-elements-holder-item qodef-vertical-alignment-middle qodef-horizontal-alignment-left\" style=\"background-color: #ffffff\">\r\n\t<div class=\"qodef-elements-holder-item-inner\">\r\n\t\t<div class=\"qodef-elements-holder-item-content qodef-elements-holder-custom-239217\" style=\"padding: 0 0 0 0\">\r\n\t\t\t\t\t\t<div class=\"qodef-underline-icon-box-holder left qodef-with-border qodef-background-animation\">\r\n\t<div class=\"qodef-underline-icon-box-holder-inner\">\r\n\t\t<div class=\"qodef-underline-icon-box-icon-holder\">\r\n\t\t\t\n    <span class=\"qodef-icon-shortcode normal \"  >\n        \n        <i class=\"qodef-icon-simple-line-icon icon-location-pin qodef-icon-element\" style=\"\" ><\/i>\n            <\/span>\n\n\t\t<\/div>\r\n\t\t<div class=\"qodef-underline-icon-box-text-holder\">\r\n\t\t\t<div class=\"qodef-underline-icon-box-title\">\r\n\t\t\t\t<h3>Lugar<\/h3>\r\n\t\t\t<\/div>\r\n\t\t\t<div class=\"qodef-underline-icon-box-text\">\r\n\t\t\t\t<p>En el aula virtual de la plataforma PLEDU. Obtendras usuario y contrase\u00f1a para ingresar.<\/p>\r\n\t\t\t<\/div>\r\n\t\t<\/div>\r\n\t<\/div>\r\n\t<div class=\"qodef-underline-icon-box-underline\">\r\n\t\t<span class=\"qodef-underline-holder\"><\/span>\r\n\t<\/div>\r\n<\/div>\t\t<\/div>\r\n\t<\/div>\r\n<\/div><\/div>[vc_empty_space height=\u00bb50&#8243;]<a href=\"https:\/\/pledu.com.ar\/sitio\/consultas\/\" target=\"_self\" style=\"color: #ff9933;border-color: #ff9933\" class=\"qodef-btn qodef-btn-large qodef-btn-default qodef-btn-icon\"  >\n        <span class=\"qodef-btn-text\">Consulta<\/span>\n    <span class=\"qodef-btn-text-icon\"><i class=\"qodef-icon-simple-line-icon icon-question \" ><\/i><\/span>\n<\/a>[vc_empty_space height=\u00bb50&#8243;][\/vc_column][vc_column width=\u00bb1\/3&#8243;]<div class=\"qodef-elements-holder qodef-responsive-mode-768\" ><div class=\"qodef-elements-holder-item qodef-vertical-alignment-middle qodef-horizontal-alignment-left\" style=\"background-color: #ffffff\">\r\n\t<div class=\"qodef-elements-holder-item-inner\">\r\n\t\t<div class=\"qodef-elements-holder-item-content qodef-elements-holder-custom-776476\" style=\"padding: 0 0 0 0\">\r\n\t\t\t\t\t\t<div class=\"qodef-underline-icon-box-holder left qodef-with-border qodef-background-animation\">\r\n\t<div class=\"qodef-underline-icon-box-holder-inner\">\r\n\t\t<div class=\"qodef-underline-icon-box-icon-holder\">\r\n\t\t\t\n    <span class=\"qodef-icon-shortcode normal \"  >\n        \n        <i class=\"qodef-icon-simple-line-icon icon-graduation qodef-icon-element\" style=\"\" ><\/i>\n            <\/span>\n\n\t\t<\/div>\r\n\t\t<div class=\"qodef-underline-icon-box-text-holder\">\r\n\t\t\t<div class=\"qodef-underline-icon-box-title\">\r\n\t\t\t\t<h3>Campo de acci\u00f3n<\/h3>\r\n\t\t\t<\/div>\r\n\t\t\t<div class=\"qodef-underline-icon-box-text\">\r\n\t\t\t\t<p>Podr\u00e1 formar parte de estudios de arquitectura o ingenier\u00eda que se dediquen al rubro. <\/p>\r\n\t\t\t<\/div>\r\n\t\t<\/div>\r\n\t<\/div>\r\n\t<div class=\"qodef-underline-icon-box-underline\">\r\n\t\t<span class=\"qodef-underline-holder\"><\/span>\r\n\t<\/div>\r\n<\/div>\t\t<\/div>\r\n\t<\/div>\r\n<\/div><\/div>[vc_empty_space height=\u00bb16&#8243;]<div class=\"qodef-elements-holder qodef-responsive-mode-768\" ><div class=\"qodef-elements-holder-item qodef-vertical-alignment-middle qodef-horizontal-alignment-left\" style=\"background-color: #ffffff\">\r\n\t<div class=\"qodef-elements-holder-item-inner\">\r\n\t\t<div class=\"qodef-elements-holder-item-content qodef-elements-holder-custom-729284\" style=\"padding: 0 0 0 0\">\r\n\t\t\t\t\t\t<div class=\"qodef-underline-icon-box-holder left qodef-with-border qodef-background-animation\">\r\n\t<div class=\"qodef-underline-icon-box-holder-inner\">\r\n\t\t<div class=\"qodef-underline-icon-box-icon-holder\">\r\n\t\t\t\n    <span class=\"qodef-icon-shortcode normal \"  >\n        \n        <i class=\"qodef-icon-font-awesome fa fa-money qodef-icon-element\" style=\"\" ><\/i>\n            <\/span>\n\n\t\t<\/div>\r\n\t\t<div class=\"qodef-underline-icon-box-text-holder\">\r\n\t\t\t<div class=\"qodef-underline-icon-box-title\">\r\n\t\t\t\t<h2>Inversi\u00f3n:<\/h2>\r\n\t\t\t<\/div>\r\n\t\t\t<div class=\"qodef-underline-icon-box-text\">\r\n\t\t\t\t<p>$ 2.500 (dos mil quinientos pesos argentinos). <\/p>\r\n\t\t\t<\/div>\r\n\t\t<\/div>\r\n\t<\/div>\r\n\t<div class=\"qodef-underline-icon-box-underline\">\r\n\t\t<span class=\"qodef-underline-holder\"><\/span>\r\n\t<\/div>\r\n<\/div>\t\t<\/div>\r\n\t<\/div>\r\n<\/div><\/div>[vc_empty_space height=\u00bb50&#8243;]<a href=\"http:\/\/mpago.la\/cnVg\" target=\"_self\" style=\"color: #ff9933;border-color: #ff9933\" class=\"qodef-btn qodef-btn-large qodef-btn-default qodef-btn-icon\"  >\n        <span class=\"qodef-btn-text\">Inscribirme<\/span>\n    <span class=\"qodef-btn-text-icon\"><i class=\"qodef-icon-simple-line-icon icon-pencil \" ><\/i><\/span>\n<\/a>[vc_empty_space height=\u00bb50&#8243;][\/vc_column][\/vc_row][vc_row content_width=\u00bbgrid\u00bb][vc_column][vc_empty_space][vc_column_text]<\/p>\n<h2 style=\"text-align: center;\">Equipo Docente<\/h2>\n<p>[\/vc_column_text][\/vc_column][\/vc_row][vc_row content_width=\u00bbgrid\u00bb content_aligment=\u00bbcenter\u00bb][vc_column width=\u00bb1\/3&#8243;][vc_empty_space][vc_single_image image=\u00bb3551&#8243; img_size=\u00bb222&#215;222&#8243; alignment=\u00bbcenter\u00bb style=\u00bbvc_box_circle_2&#8243; onclick=\u00bbcustom_link\u00bb img_link_target=\u00bb_blank\u00bb][vc_empty_space height=\u00bb26&#8243;][vc_column_text]<\/p>\n<h3><strong><span style=\"color: #000000;\">Jorge Chemes<\/span><\/strong><\/h3>\n<p>[\/vc_column_text][vc_empty_space height=\u00bb5&#8243;][vc_column_text]<\/p>\n<h6 style=\"text-align: center;\"><span style=\"color: #ff9900;\">Ingeniero<\/span><\/h6>\n<p>[\/vc_column_text][vc_empty_space height=\u00bb5&#8243;][vc_column_text]Especialista en geometr\u00eda solar, radiaci\u00f3n solar y software de aplicaci\u00f3n.[\/vc_column_text][vc_empty_space height=\u00bb31&#8243;]<a href=\"https:\/\/pledu.com.ar\/sitio\/jorgechemes\/\" target=\"_self\"  class=\"qodef-btn qodef-btn-small qodef-btn-solid\"  >\n        <span class=\"qodef-btn-text\">ver mas<\/span>\n    <span class=\"qodef-btn-text-icon\"><\/span>\n<\/a>[vc_empty_space][\/vc_column][vc_column width=\u00bb1\/3&#8243;][vc_empty_space][vc_single_image image=\u00bb3843&#8243; img_size=\u00bb222&#215;222&#8243; alignment=\u00bbcenter\u00bb style=\u00bbvc_box_circle_2&#8243; onclick=\u00bbcustom_link\u00bb img_link_target=\u00bb_blank\u00bb][vc_empty_space height=\u00bb26&#8243;][vc_column_text]<\/p>\n<h3><strong><span style=\"color: #000000;\">Ignacio Arra\u00f1a<\/span><\/strong><\/h3>\n<p>[\/vc_column_text][vc_empty_space height=\u00bb5&#8243;][vc_column_text]<\/p>\n<h6 style=\"text-align: center;\"><span style=\"color: #ff9900;\">Ingeniero<\/span><\/h6>\n<p>[\/vc_column_text][vc_empty_space height=\u00bb5&#8243;][vc_column_text]Especialista en el dise\u00f1o de sistemas solares t\u00e9rmicos y fotovoltaicos.[\/vc_column_text][vc_empty_space height=\u00bb31&#8243;]<a href=\"https:\/\/pledu.com.ar\/sitio\/jorgechemes\/\" target=\"_self\"  class=\"qodef-btn qodef-btn-small qodef-btn-solid\"  >\n        <span class=\"qodef-btn-text\">ver mas<\/span>\n    <span class=\"qodef-btn-text-icon\"><\/span>\n<\/a>[vc_empty_space][\/vc_column][vc_column width=\u00bb1\/3&#8243;][vc_empty_space][vc_single_image image=\u00bb4769&#8243; img_size=\u00bb222&#215;222&#8243; alignment=\u00bbcenter\u00bb style=\u00bbvc_box_circle_2&#8243; onclick=\u00bbcustom_link\u00bb img_link_target=\u00bb_blank\u00bb][vc_empty_space height=\u00bb26&#8243;][vc_column_text]<\/p>\n<h3><strong><span style=\"color: #000000;\">Martin Orecchia<\/span><\/strong><\/h3>\n<p>[\/vc_column_text][vc_empty_space height=\u00bb5&#8243;][vc_column_text]<\/p>\n<h6 style=\"text-align: center;\"><span style=\"color: #ff9900;\">Ingeniero<\/span><\/h6>\n<p>[\/vc_column_text][vc_empty_space height=\u00bb5&#8243;][vc_column_text]Especialista en instalaci\u00f3n de sistemas solares t\u00e9rmicos y sistemas de comunicaci\u00f3n.[\/vc_column_text][vc_empty_space height=\u00bb31&#8243;]<a href=\"https:\/\/pledu.com.ar\/sitio\/jorgechemes\/\" target=\"_self\"  class=\"qodef-btn qodef-btn-small qodef-btn-solid\"  >\n        <span class=\"qodef-btn-text\">ver mas<\/span>\n    <span class=\"qodef-btn-text-icon\"><\/span>\n<\/a>[vc_empty_space][\/vc_column][\/vc_row][vc_row row_type=\u00bbparallax\u00bb content_aligment=\u00bbcenter\u00bb full_screen_section_height=\u00bbno\u00bb parallax_background_image=\u00bb3919&#8243;][vc_column][vc_empty_space height=\u00bb150&#8243;]\n<div class=\"qodef-custom-font-holder\" style=\"font-family: Raleway;font-size: 58px;line-height: 59px;font-weight: 700;letter-spacing: 0px;color: #ffffff\" data-font-size= 58 data-line-height= 59>\n\tSe parte de la Energ\u00eda Solar<\/div>[vc_empty_space height=\u00bb50&#8243;]<div class=\"qodef-iwt clearfix qodef-iwt-icon-top qodef-iwt-icon-huge\">\n    <div class=\"qodef-iwt-icon-holder\">\n                        <span class=\"qodef-icon-animation-holder\" >\n\n    <span class=\"qodef-icon-shortcode normal qodef-icon-animation qodef-icon-huge\"  data-color=\"#ffffff\">\n        \n        <i class=\"qodef-icon-font-awesome fa fa-calendar qodef-icon-element\" style=\"color: #ffffff\" ><\/i>\n            <\/span>\n\n    <\/span>\n            <\/div>\n    <div class=\"qodef-iwt-content-holder\" >\n                    <div class=\"qodef-iwt-title-holder\">\n                <h4 style=\"color: #ffffff\">Comieza<\/h4>\n            <\/div>\n                <div class=\"qodef-iwt-text-holder\">\n            <p style=\"color: #ffffff\">PR\u00d3XIMAMENTE <\/p>\n\n                    <\/div>\n    <\/div>\n<\/div>[vc_empty_space height=\u00bb50&#8243;]<a href=\"https:\/\/pledu.com.ar\/sitio\/suscripcion\/\" target=\"_blank\" style=\"color: #ffffff;border-color: #ffffff\" class=\"qodef-btn qodef-btn-huge qodef-btn-default qodef-btn-icon\"  >\n        <span class=\"qodef-btn-text\">Suscribite al volet\u00edn de cursos<\/span>\n    <span class=\"qodef-btn-text-icon\"><i class=\"qodef-icon-simple-line-icon icon-pencil \" ><\/i><\/span>\n<\/a>[vc_empty_space height=\u00bb150&#8243;][\/vc_column][\/vc_row][vc_row content_width=\u00bbgrid\u00bb content_aligment=\u00bbcenter\u00bb css=\u00bb.vc_custom_1471301311218{background-color: #f4f4f4 !important;}\u00bb][vc_column][vc_empty_space height=\u00bb40&#8243;][vc_column_text]<\/p>\n<h2 style=\"text-align: center;\">Fotos<\/h2>\n<p>[\/vc_column_text][\/vc_column][\/vc_row][vc_row content_width=\u00bbgrid\u00bb content_aligment=\u00bbcenter\u00bb css=\u00bb.vc_custom_1471298289585{background-color: #f4f4f4 !important;}\u00bb][vc_column width=\u00bb1\/6&#8243;][vc_empty_space][vc_single_image image=\u00bb3565&#8243; alignment=\u00bbcenter\u00bb onclick=\u00bblink_image\u00bb][vc_empty_space][\/vc_column][vc_column width=\u00bb1\/6&#8243;][vc_empty_space][vc_single_image image=\u00bb3563&#8243; alignment=\u00bbcenter\u00bb onclick=\u00bblink_image\u00bb][vc_empty_space][\/vc_column][vc_column width=\u00bb1\/6&#8243;][vc_empty_space][vc_single_image image=\u00bb3923&#8243; alignment=\u00bbcenter\u00bb onclick=\u00bblink_image\u00bb][vc_empty_space][\/vc_column][vc_column width=\u00bb1\/6&#8243;][vc_empty_space][vc_single_image image=\u00bb3569&#8243; alignment=\u00bbcenter\u00bb onclick=\u00bblink_image\u00bb][vc_empty_space][\/vc_column][vc_column width=\u00bb1\/6&#8243;][vc_empty_space][vc_single_image image=\u00bb3925&#8243; alignment=\u00bbcenter\u00bb onclick=\u00bblink_image\u00bb][vc_empty_space][\/vc_column][vc_column width=\u00bb1\/6&#8243;][vc_empty_space][vc_single_image image=\u00bb3567&#8243; alignment=\u00bbcenter\u00bb onclick=\u00bblink_image\u00bb][vc_empty_space][\/vc_column][\/vc_row][vc_row content_width=\u00bbgrid\u00bb content_aligment=\u00bbcenter\u00bb css=\u00bb.vc_custom_1471217251345{background-color: #f4f4f4 !important;}\u00bb][vc_column][vc_empty_space][vc_empty_space][\/vc_column][\/vc_row][vc_row][vc_column][\/vc_column][\/vc_row]<\/p>\n","protected":false},"excerpt":{"rendered":"<p>[vc_row content_width=\u00bbgrid\u00bb content_aligment=\u00bbcenter\u00bb css=\u00bb.vc_custom_1446195467277{padding-top: 65px !important;padding-bottom: 15px !important;}\u00bb][vc_column offset=\u00bbvc_col-lg-offset-2 vc_col-lg-8&#8243;][vc_column_text] Energ\u00eda Solar T\u00e9rmica Condiciones T\u00e9cnicas para la implementaci\u00f3n en proyectos [\/vc_column_text][vc_empty_space][vc_column_text]\u00c9ste curso se encuentra estrictamente dirigido\u00a0a comprender como dejar un proyecto de arquitectura listo para la integraci\u00f3n de un sistema solar t\u00e9rmico, durante el desarrollo&#8230;<\/p>\n","protected":false},"author":3,"featured_media":0,"parent":0,"menu_order":0,"comment_status":"closed","ping_status":"closed","template":"full-width.php","meta":{"footnotes":""},"class_list":["post-4959","page","type-page","status-publish","hentry"],"aioseo_notices":[],"_links":{"self":[{"href":"https:\/\/pledu.com.ar\/sitio\/wp-json\/wp\/v2\/pages\/4959","targetHints":{"allow":["GET"]}}],"collection":[{"href":"https:\/\/pledu.com.ar\/sitio\/wp-json\/wp\/v2\/pages"}],"about":[{"href":"https:\/\/pledu.com.ar\/sitio\/wp-json\/wp\/v2\/types\/page"}],"author":[{"embeddable":true,"href":"https:\/\/pledu.com.ar\/sitio\/wp-json\/wp\/v2\/users\/3"}],"replies":[{"embeddable":true,"href":"https:\/\/pledu.com.ar\/sitio\/wp-json\/wp\/v2\/comments?post=4959"}],"version-history":[{"count":4,"href":"https:\/\/pledu.com.ar\/sitio\/wp-json\/wp\/v2\/pages\/4959\/revisions"}],"predecessor-version":[{"id":4991,"href":"https:\/\/pledu.com.ar\/sitio\/wp-json\/wp\/v2\/pages\/4959\/revisions\/4991"}],"wp:attachment":[{"href":"https:\/\/pledu.com.ar\/sitio\/wp-json\/wp\/v2\/media?parent=4959"}],"curies":[{"name":"wp","href":"https:\/\/api.w.org\/{rel}","templated":true}]}}