{"id":4975,"date":"2016-10-14T15:25:47","date_gmt":"2016-10-14T18:25:47","guid":{"rendered":"https:\/\/pledu.com.ar\/sitio\/?page_id=4975"},"modified":"2016-10-14T15:27:14","modified_gmt":"2016-10-14T18:27:14","slug":"temario-detallado-dst-dist","status":"publish","type":"page","link":"https:\/\/pledu.com.ar\/sitio\/temario-detallado-dst-dist\/","title":{"rendered":"Temario Detallado DST"},"content":{"rendered":"<p>[vc_row content_width=\u00bbgrid\u00bb content_aligment=\u00bbcenter\u00bb css=\u00bb.vc_custom_1446195467277{padding-top: 65px !important;padding-bottom: 15px !important;}\u00bb][vc_column offset=\u00bbvc_col-lg-offset-2 vc_col-lg-8&#8243;][vc_column_text]<\/p>\n<h2>Dise\u00f1o y dimensionamiento de Sistemas\u00a0Solares T\u00e9rmicos<\/h2>\n<h3><\/h3>\n<p>[\/vc_column_text][vc_empty_space][vc_column_text]<\/p>\n<h3 style=\"text-align: center;\">Temario detallado<\/h3>\n<p>[\/vc_column_text][vc_empty_space height=\u00bb16&#8243;]<div class=\"qodef-separator-holder clearfix  qodef-separator-center qodef-separator-full-width\">\r\n\t<div class=\"qodef-separator\" style=\"border-width: 5px\"><\/div>\r\n<\/div>\r\n[\/vc_column][\/vc_row][vc_row content_width=\u00bbgrid\u00bb css=\u00bb.vc_custom_1471557864909{padding-top: 65px !important;padding-bottom: 15px !important;}\u00bb][vc_column offset=\u00bbvc_col-lg-offset-2 vc_col-lg-8&#8243;][vc_column_text]<\/p>\n<p style=\"text-align: left;\"><span style=\"color: #000000;\"><strong>Unidad 0: Descripci\u00f3n del Curso. An\u00e1lisis de contexto sociot\u00e9cnico.<\/strong><\/span><\/p>\n<p style=\"text-align: left;\"><em>Metodolog\u00eda de dictado del curso, sus alcances y competencias. Energ\u00eda y Sociedad, matriz energ\u00e9tica nacional, cambio clim\u00e1tico, escases de recursos, impactos locales, mercado mundial y local de las energ\u00edas renovables. F\u00edsica: Potencia y energ\u00eda, conceptos y unidades. Matem\u00e1tica: recordando ideas de trigonometr\u00eda.<\/em><\/p>\n<p>[\/vc_column_text][vc_empty_space][vc_column_text]<\/p>\n<p style=\"text-align: left;\"><span style=\"color: #000000;\"><strong>Unidad 1: Energ\u00eda Solar, Contexto F\u00edsico.<\/strong><\/span><\/p>\n<p style=\"text-align: left;\">Radiaci\u00f3n solar, caracter\u00edsticas f\u00edsicas del sol, la energ\u00eda radiante y atm\u00f3sfera. Energ\u00eda que llega a la superficie terrestre. Radiaci\u00f3n directa, difusa, reflejada y global. Mediciones de radiaci\u00f3n. Variabilidad del recurso a lo largo del a\u00f1o. Formas de captaci\u00f3n (orientaci\u00f3n e inclinaci\u00f3n) y \u00e1ngulos m\u00e1s comunes (acimut, altura solar, etc.). Potencial solar de las distintas regiones de Argentina. C\u00e1lculo matem\u00e1tico de radiaci\u00f3n solar. \u00c1bacos de asoleamiento, m\u00e9todo de c\u00e1lculo de proyecci\u00f3n de sombras. Ejercicios de aplicaci\u00f3n.<\/p>\n<p>[\/vc_column_text][vc_empty_space][vc_column_text]<\/p>\n<p style=\"text-align: left;\"><span style=\"color: #000000;\"><strong>Unidad 2: Termodin\u00e1mica, \u00a0fluidodin\u00e1mica y \u00f3ptica.<\/strong><\/span><\/p>\n<p style=\"text-align: left;\"><em>Tipos de transferencia de calor \u2013 calor latente &#8211; circulaci\u00f3n natural (termosif\u00f3n) \u2013 circulaci\u00f3n forzada &#8211; su aplicaci\u00f3n en tecnolog\u00eda solar t\u00e9rmica &#8211; principios \u00f3pticos. Ejemplos pr\u00e1cticos asociado a energ\u00eda solar t\u00e9rmica.<\/em><\/p>\n<p>[\/vc_column_text][vc_empty_space][vc_column_text]<\/p>\n<p style=\"text-align: left;\"><span style=\"color: #000000;\"><strong>Unidad 3: Tecnolog\u00eda solar t\u00e9rmica (baja temperatura).<\/strong><\/span><\/p>\n<p style=\"text-align: left;\"><em>Tipos de tecnolog\u00eda de captaci\u00f3n (captadores y concentradores parab\u00f3licos) y almacenamiento de la energ\u00eda &#8211; captadores y sus caracter\u00edsticas (circulaci\u00f3n natural, forzada, abierto, cerrada y sus combinaciones) construcci\u00f3n (b\u00e1sico) \u2013 Sistemas de acumulaci\u00f3n, tanques de acumulaci\u00f3n y sus caracter\u00edsticas y construcci\u00f3n (b\u00e1sico). \u00a0Sistemas de distribuci\u00f3n.<\/em><\/p>\n<p>[\/vc_column_text][vc_empty_space][vc_column_text]<\/p>\n<p style=\"text-align: left;\"><span style=\"color: #000000;\"><strong>Unidad 4: Fluido caloportador.<\/strong><\/span><\/p>\n<p style=\"text-align: left;\"><em>Agua natural &#8211; agua desmineralizada &#8211; agua + anticongelante &#8211; otros.<\/em><\/p>\n<p>[\/vc_column_text][vc_empty_space][vc_column_text]<\/p>\n<p style=\"text-align: left;\"><span style=\"color: #000000;\"><strong>Unidad 5: Sistemas de conexi\u00f3n.<\/strong><\/span><\/p>\n<p style=\"text-align: left;\"><em>Tipos de ca\u00f1er\u00edas, sistemas de ca\u00f1erias, temperaturas de uso, materiales, trazado de ca\u00f1er\u00eda, c\u00e1lculo simplificado y especifico de ca\u00f1er\u00eda (seg\u00fan nivel), corrosi\u00f3n y degradaci\u00f3n en ca\u00f1er\u00edas, tipos aplicaci\u00f3n y m\u00e9todo de soldadura, roscado y sellado, sistema por fusi\u00f3n, inclinaciones, tipo, m\u00e9todos de aislaciones t\u00e9rmicas, calculo de aislaci\u00f3n t\u00e9rmica, calculo simple y especifico de p\u00e9rdida de temperatura por aislaci\u00f3n t\u00e9rmica en ca\u00f1er\u00edas. Distribuci\u00f3n y \u00e1ngulos de ca\u00f1er\u00eda como parte activa de la instalaci\u00f3n.<\/em><\/p>\n<p>[\/vc_column_text][vc_empty_space][vc_column_text]<\/p>\n<p style=\"text-align: left;\"><span style=\"color: #000000;\"><strong>Unidad 6: Equipamiento auxiliar.<\/strong><\/span><\/p>\n<p style=\"text-align: left;\"><em>Calculo simplificado y especifico de bomba de circulaci\u00f3n, sistemas de venteo, llenado, drenaje, vaso de expansi\u00f3n, sobre presi\u00f3n, sobre temperatura, protecci\u00f3n alta temperatura, protecci\u00f3n contra congelamiento, bypass, sif\u00f3n, vaciado, v\u00e1lvula anti retorno, dispositivos de seguridad y protecci\u00f3n, sistema de apoyo, sistema de control y sistema de monitoreo.<\/em><\/p>\n<p>[\/vc_column_text][vc_empty_space][vc_column_text]<\/p>\n<p style=\"text-align: left;\"><span style=\"color: #000000;\"><strong>Unidad 7: Dimensionamiento de instalaciones.<\/strong><\/span><\/p>\n<p style=\"text-align: left;\"><em>Par\u00e1metros de uso (Temperatura de uso, consumo de agua, demanda energ\u00e9tica, consumo de energ\u00eda t\u00e9rmica, consumo de energ\u00eda convencional). Par\u00e1metros clim\u00e1ticos (Irradiaci\u00f3n, temperatura ambiente, otros). Par\u00e1metros de funcionamiento del SST. Sistema de acumulaci\u00f3n y tipos de conexiones.<br \/>\nM\u00e9todo de c\u00e1lculo simplificado y preciso (orientado a niveles), selecci\u00f3n de equipos, aporte de energ\u00eda y agua caliente.<\/em><\/p>\n<p>[\/vc_column_text][vc_empty_space][\/vc_column][\/vc_row][vc_row content_width=\u00bbgrid\u00bb content_aligment=\u00bbcenter\u00bb][vc_column width=\u00bb1\/3&#8243;]<a href=\"https:\/\/pledu.com.ar\/sitio\/dist-st-dis\/\" target=\"_self\" style=\"color: #ff9933;border-color: #ff9933\" class=\"qodef-btn qodef-btn-large qodef-btn-default qodef-btn-icon\"  >\n        <span class=\"qodef-btn-text\">volver<\/span>\n    <span class=\"qodef-btn-text-icon\"><i class=\"qodef-icon-simple-line-icon icon-arrow-right-circle \" ><\/i><\/span>\n<\/a>[\/vc_column][vc_column width=\u00bb1\/3&#8243;]<a href=\"https:\/\/pledu.com.ar\/sitio\/consultas\/\" target=\"_self\" style=\"color: #ff9933;border-color: #ff9933\" class=\"qodef-btn qodef-btn-large qodef-btn-default qodef-btn-icon\"  >\n        <span class=\"qodef-btn-text\">consulta<\/span>\n    <span class=\"qodef-btn-text-icon\"><i class=\"qodef-icon-simple-line-icon icon-question \" ><\/i><\/span>\n<\/a>[\/vc_column][vc_column width=\u00bb1\/3&#8243;]<a href=\"#\" target=\"_self\" style=\"color: #ff9933;border-color: #ff9933\" class=\"qodef-btn qodef-btn-large qodef-btn-default qodef-btn-icon\"  >\n        <span class=\"qodef-btn-text\">inscribirse<\/span>\n    <span class=\"qodef-btn-text-icon\"><i class=\"qodef-icon-simple-line-icon icon-pencil \" ><\/i><\/span>\n<\/a>[\/vc_column][\/vc_row][vc_row][vc_column][vc_empty_space][\/vc_column][\/vc_row]<\/p>\n","protected":false},"excerpt":{"rendered":"<p>[vc_row content_width=\u00bbgrid\u00bb content_aligment=\u00bbcenter\u00bb css=\u00bb.vc_custom_1446195467277{padding-top: 65px !important;padding-bottom: 15px !important;}\u00bb][vc_column offset=\u00bbvc_col-lg-offset-2 vc_col-lg-8&#8243;][vc_column_text] Dise\u00f1o y dimensionamiento de Sistemas\u00a0Solares T\u00e9rmicos [\/vc_column_text][vc_empty_space][vc_column_text] Temario detallado [\/vc_column_text][vc_empty_space height=\u00bb16&#8243;][\/vc_column][\/vc_row][vc_row content_width=\u00bbgrid\u00bb css=\u00bb.vc_custom_1471557864909{padding-top: 65px !important;padding-bottom: 15px !important;}\u00bb][vc_column offset=\u00bbvc_col-lg-offset-2 vc_col-lg-8&#8243;][vc_column_text] Unidad 0: Descripci\u00f3n del Curso. An\u00e1lisis de contexto sociot\u00e9cnico. Metodolog\u00eda de dictado del curso, sus alcances&#8230;<\/p>\n","protected":false},"author":3,"featured_media":0,"parent":0,"menu_order":0,"comment_status":"closed","ping_status":"closed","template":"full-width.php","meta":{"footnotes":""},"class_list":["post-4975","page","type-page","status-publish","hentry"],"aioseo_notices":[],"_links":{"self":[{"href":"https:\/\/pledu.com.ar\/sitio\/wp-json\/wp\/v2\/pages\/4975","targetHints":{"allow":["GET"]}}],"collection":[{"href":"https:\/\/pledu.com.ar\/sitio\/wp-json\/wp\/v2\/pages"}],"about":[{"href":"https:\/\/pledu.com.ar\/sitio\/wp-json\/wp\/v2\/types\/page"}],"author":[{"embeddable":true,"href":"https:\/\/pledu.com.ar\/sitio\/wp-json\/wp\/v2\/users\/3"}],"replies":[{"embeddable":true,"href":"https:\/\/pledu.com.ar\/sitio\/wp-json\/wp\/v2\/comments?post=4975"}],"version-history":[{"count":1,"href":"https:\/\/pledu.com.ar\/sitio\/wp-json\/wp\/v2\/pages\/4975\/revisions"}],"predecessor-version":[{"id":4977,"href":"https:\/\/pledu.com.ar\/sitio\/wp-json\/wp\/v2\/pages\/4975\/revisions\/4977"}],"wp:attachment":[{"href":"https:\/\/pledu.com.ar\/sitio\/wp-json\/wp\/v2\/media?parent=4975"}],"curies":[{"name":"wp","href":"https:\/\/api.w.org\/{rel}","templated":true}]}}