{"id":4981,"date":"2016-10-14T15:29:59","date_gmt":"2016-10-14T18:29:59","guid":{"rendered":"https:\/\/pledu.com.ar\/sitio\/?page_id=4981"},"modified":"2016-10-14T15:29:59","modified_gmt":"2016-10-14T18:29:59","slug":"temario-detallado-dist","status":"publish","type":"page","link":"https:\/\/pledu.com.ar\/sitio\/temario-detallado-dist\/","title":{"rendered":"Temario Detallado"},"content":{"rendered":"<p>[vc_row content_width=\u00bbgrid\u00bb content_aligment=\u00bbcenter\u00bb css=\u00bb.vc_custom_1446195467277{padding-top: 65px !important;padding-bottom: 15px !important;}\u00bb][vc_column offset=\u00bbvc_col-lg-offset-2 vc_col-lg-8&#8243;][vc_column_text]<\/p>\n<h2>Energ\u00eda Solar T\u00e9rmica<\/h2>\n<h3>Condiciones T\u00e9cnicas para la implementaci\u00f3n en proyectos<\/h3>\n<p>[\/vc_column_text][vc_empty_space][vc_column_text]<\/p>\n<h3 style=\"text-align: center;\">Temario detallado<\/h3>\n<p>[\/vc_column_text][vc_empty_space height=\u00bb16&#8243;]<div class=\"qodef-separator-holder clearfix  qodef-separator-center qodef-separator-full-width\">\r\n\t<div class=\"qodef-separator\" style=\"border-width: 5px\"><\/div>\r\n<\/div>\r\n[vc_empty_space height=\u00bb16&#8243;][vc_column_text]<\/p>\n<p style=\"text-align: left;\"><span style=\"color: #000000;\">1- Aprovechamiento de la energ\u00eda Solar.<\/span><\/p>\n<p>[\/vc_column_text][vc_empty_space][vc_column_text]<\/p>\n<p style=\"text-align: left;\"><span style=\"color: #000000;\">2- Energ\u00eda solar t\u00e9rmica y sus tecnolog\u00edas.<\/span><\/p>\n<p style=\"padding-left: 30px; text-align: left;\"><span style=\"color: #000000;\">Colectores de placa plana.<\/span><\/p>\n<p style=\"padding-left: 30px; text-align: left;\"><span style=\"color: #000000;\">Colectores de tubos evacuados.<\/span><\/p>\n<p>[\/vc_column_text][vc_empty_space][vc_column_text]<\/p>\n<p style=\"text-align: left;\"><span style=\"color: #000000;\">3- Principios de funcionamiento.<\/span><\/p>\n<p style=\"padding-left: 30px; text-align: left;\"><span style=\"color: #000000;\">Instalaciones domiciliarias.<\/span><\/p>\n<p style=\"padding-left: 30px; text-align: left;\"><span style=\"color: #000000;\">Instalaciones de especiales.<\/span><\/p>\n<p>[\/vc_column_text][vc_empty_space][vc_column_text]<\/p>\n<p style=\"text-align: left;\"><span style=\"color: #000000;\">4- Geometr\u00eda solar b\u00e1sica.<\/span><\/p>\n<p>[\/vc_column_text][vc_empty_space][vc_column_text]<\/p>\n<p style=\"text-align: left;\"><span style=\"color: #000000;\">5- Cotas de dise\u00f1o.<\/span><\/p>\n<p style=\"padding-left: 30px; text-align: left;\"><span style=\"color: #000000;\">Campo de captaci\u00f3n.<\/span><\/p>\n<p style=\"padding-left: 30px; text-align: left;\"><span style=\"color: #000000;\">Alturas de tanques (presi\u00f3n, p\u00e9rdida de carga, etc.).<\/span><\/p>\n<p style=\"padding-left: 30px; text-align: left;\"><span style=\"color: #000000;\">Sombras.<\/span><\/p>\n<p>[\/vc_column_text][vc_empty_space][vc_column_text]<\/p>\n<p style=\"text-align: left;\"><span style=\"color: #000000;\">6- Estructuras.<\/span><\/p>\n<p style=\"padding-left: 30px; text-align: left;\"><span style=\"color: #000000;\">M\u00e9todos de anclaje.<\/span><\/p>\n<p style=\"padding-left: 30px; text-align: left;\"><span style=\"color: #000000;\">Orientaci\u00f3n e inclinaci\u00f3n de los sistemas.<\/span><\/p>\n<p>[\/vc_column_text][vc_empty_space][vc_column_text]<\/p>\n<p style=\"text-align: left;\"><span style=\"color: #000000;\">7- Sistemas hidr\u00e1ulico .<\/span><\/p>\n<p style=\"padding-left: 30px; text-align: left;\"><span style=\"color: #000000;\">Materiales.<\/span><\/p>\n<p style=\"padding-left: 30px; text-align: left;\"><span style=\"color: #000000;\">Aislaciones.<\/span><\/p>\n<p style=\"padding-left: 30px; text-align: left;\"><span style=\"color: #000000;\">Bombas.<\/span><\/p>\n<p style=\"padding-left: 30px; text-align: left;\"><span style=\"color: #000000;\">expansi\u00f3n.<\/span><\/p>\n<p style=\"padding-left: 30px; text-align: left;\"><span style=\"color: #000000;\">Control.<\/span><\/p>\n<p>[\/vc_column_text][vc_empty_space][vc_column_text]<\/p>\n<p style=\"text-align: left;\"><span style=\"color: #000000;\">8- Consideraciones en salas de m\u00e1quinas.<\/span><\/p>\n<p>[\/vc_column_text][vc_empty_space][\/vc_column][\/vc_row][vc_row content_width=\u00bbgrid\u00bb content_aligment=\u00bbcenter\u00bb][vc_column width=\u00bb1\/3&#8243;]<a href=\"https:\/\/pledu.com.ar\/sitio\/dist-st-arq\/\" target=\"_self\" style=\"color: #ff9933;border-color: #ff9933\" class=\"qodef-btn qodef-btn-large qodef-btn-default qodef-btn-icon\"  >\n        <span class=\"qodef-btn-text\">volver<\/span>\n    <span class=\"qodef-btn-text-icon\"><i class=\"qodef-icon-simple-line-icon icon-arrow-right-circle \" ><\/i><\/span>\n<\/a>[\/vc_column][vc_column width=\u00bb1\/3&#8243;]<a href=\"https:\/\/pledu.com.ar\/sitio\/consultas\/\" target=\"_self\" style=\"color: #ff9933;border-color: #ff9933\" class=\"qodef-btn qodef-btn-large qodef-btn-default qodef-btn-icon\"  >\n        <span class=\"qodef-btn-text\">consulta<\/span>\n    <span class=\"qodef-btn-text-icon\"><i class=\"qodef-icon-simple-line-icon icon-question \" ><\/i><\/span>\n<\/a>[\/vc_column][vc_column width=\u00bb1\/3&#8243;]<a href=\"#\" target=\"_self\" style=\"color: #ff9933;border-color: #ff9933\" class=\"qodef-btn qodef-btn-large qodef-btn-default qodef-btn-icon\"  >\n        <span class=\"qodef-btn-text\">inscribirse<\/span>\n    <span class=\"qodef-btn-text-icon\"><i class=\"qodef-icon-simple-line-icon icon-pencil \" ><\/i><\/span>\n<\/a>[\/vc_column][\/vc_row][vc_row][vc_column][vc_empty_space][\/vc_column][\/vc_row]<\/p>\n","protected":false},"excerpt":{"rendered":"<p>[vc_row content_width=\u00bbgrid\u00bb content_aligment=\u00bbcenter\u00bb css=\u00bb.vc_custom_1446195467277{padding-top: 65px !important;padding-bottom: 15px !important;}\u00bb][vc_column offset=\u00bbvc_col-lg-offset-2 vc_col-lg-8&#8243;][vc_column_text] Energ\u00eda Solar T\u00e9rmica Condiciones T\u00e9cnicas para la implementaci\u00f3n en proyectos [\/vc_column_text][vc_empty_space][vc_column_text] Temario detallado [\/vc_column_text][vc_empty_space height=\u00bb16&#8243;][vc_empty_space height=\u00bb16&#8243;][vc_column_text] 1- Aprovechamiento de la energ\u00eda Solar. [\/vc_column_text][vc_empty_space][vc_column_text] 2- Energ\u00eda solar t\u00e9rmica y sus tecnolog\u00edas. Colectores de placa plana. Colectores&#8230;<\/p>\n","protected":false},"author":3,"featured_media":0,"parent":0,"menu_order":0,"comment_status":"closed","ping_status":"closed","template":"full-width.php","meta":{"footnotes":""},"class_list":["post-4981","page","type-page","status-publish","hentry"],"aioseo_notices":[],"_links":{"self":[{"href":"https:\/\/pledu.com.ar\/sitio\/wp-json\/wp\/v2\/pages\/4981","targetHints":{"allow":["GET"]}}],"collection":[{"href":"https:\/\/pledu.com.ar\/sitio\/wp-json\/wp\/v2\/pages"}],"about":[{"href":"https:\/\/pledu.com.ar\/sitio\/wp-json\/wp\/v2\/types\/page"}],"author":[{"embeddable":true,"href":"https:\/\/pledu.com.ar\/sitio\/wp-json\/wp\/v2\/users\/3"}],"replies":[{"embeddable":true,"href":"https:\/\/pledu.com.ar\/sitio\/wp-json\/wp\/v2\/comments?post=4981"}],"version-history":[{"count":1,"href":"https:\/\/pledu.com.ar\/sitio\/wp-json\/wp\/v2\/pages\/4981\/revisions"}],"predecessor-version":[{"id":4983,"href":"https:\/\/pledu.com.ar\/sitio\/wp-json\/wp\/v2\/pages\/4981\/revisions\/4983"}],"wp:attachment":[{"href":"https:\/\/pledu.com.ar\/sitio\/wp-json\/wp\/v2\/media?parent=4981"}],"curies":[{"name":"wp","href":"https:\/\/api.w.org\/{rel}","templated":true}]}}